{"id":1048,"date":"2023-06-17T17:52:43","date_gmt":"2023-06-17T15:52:43","guid":{"rendered":"https:\/\/taw.teaching-animal-welfare.org\/?page_id=1048"},"modified":"2023-07-03T20:35:20","modified_gmt":"2023-07-03T18:35:20","slug":"imprint","status":"publish","type":"page","link":"https:\/\/teaching-animal-welfare.org\/es\/imprint\/","title":{"rendered":"Imprint"},"content":{"rendered":"<div id=\"pl-1048\"  class=\"panel-layout\" ><div id=\"pg-1048-0\"  class=\"panel-grid panel-has-style\" ><div class=\"containOuter containOuterBG panel-row-style panel-row-style-for-1048-0\" ><div id=\"pgc-1048-0-0\"  class=\"panel-grid-cell\" ><div id=\"panel-1048-0-0-0\" class=\"so-panel widget widget_siteorigin-panels-builder panel-first-child panel-last-child\" data-index=\"0\" ><div class=\"containInner panel-widget-style panel-widget-style-for-1048-0-0-0\" ><div id=\"pl-w64a310981b5ff\"  class=\"panel-layout\" ><div id=\"pg-w64a310981b5ff-0\"  class=\"panel-grid panel-no-style\" ><div id=\"pgc-w64a310981b5ff-0-0\"  class=\"panel-grid-cell\" ><div id=\"panel-w64a310981b5ff-0-0-0\" class=\"so-panel widget widget_sow-image panel-first-child panel-last-child\" data-index=\"0\" ><div\n\t\t\t\n\t\t\tclass=\"so-widget-sow-image so-widget-sow-image-default-c67d20f9f743\"\n\t\t\t\n\t\t>\n<div class=\"sow-image-container\">\n\t\t<img \n\tsrc=\"https:\/\/teaching-animal-welfare.org\/es\/wp-content\/uploads\/2023\/07\/WTS-Imprint-Header.jpg\" width=\"1240\" height=\"500\" srcset=\"https:\/\/teaching-animal-welfare.org\/es\/wp-content\/uploads\/2023\/07\/WTS-Imprint-Header.jpg 1240w, https:\/\/teaching-animal-welfare.org\/es\/wp-content\/uploads\/2023\/07\/WTS-Imprint-Header-300x121.jpg 300w, https:\/\/teaching-animal-welfare.org\/es\/wp-content\/uploads\/2023\/07\/WTS-Imprint-Header-1024x413.jpg 1024w, https:\/\/teaching-animal-welfare.org\/es\/wp-content\/uploads\/2023\/07\/WTS-Imprint-Header-768x310.jpg 768w\" sizes=\"(max-width: 1240px) 100vw, 1240px\" alt=\"\" \t\tclass=\"so-widget-image\"\/>\n\t<\/div>\n\n<\/div><\/div><\/div><\/div><\/div><\/div><\/div><\/div><\/div><\/div><div id=\"pg-1048-1\"  class=\"panel-grid panel-has-style\" ><div class=\"containOuter panel-row-style panel-row-style-for-1048-1\" ><div id=\"pgc-1048-1-0\"  class=\"panel-grid-cell\" ><div id=\"panel-1048-1-0-0\" class=\"so-panel widget widget_siteorigin-panels-builder panel-first-child panel-last-child\" data-index=\"1\" ><div class=\"containInner panel-widget-style panel-widget-style-for-1048-1-0-0\" ><div id=\"pl-w64a314e8cf689\"  class=\"panel-layout\" ><div id=\"pg-w64a314e8cf689-0\"  class=\"panel-grid panel-no-style\" ><div id=\"pgc-w64a314e8cf689-0-0\"  class=\"panel-grid-cell\" ><div id=\"panel-w64a314e8cf689-0-0-0\" class=\"so-panel widget widget_sow-editor panel-first-child panel-last-child\" data-index=\"0\" ><div\n\t\t\t\n\t\t\tclass=\"so-widget-sow-editor so-widget-sow-editor-base\"\n\t\t\t\n\t\t><h3 class=\"widget-title\">\/\/ IMPRINT<\/h3>\n<div class=\"siteorigin-widget-tinymce textwidget\">\n\t<p>&nbsp;<\/p>\n<p>These materials have been developed within the WTS VETS UNITED programme. The programme is funded by Welttierschutzgesellschaft e.V. (WTG).<\/p>\n<p><a href=\"https:\/\/www.teaching-animal-welfare.org\/\">www.teaching-animal-welfare.org<\/a><\/p>\n<p>For more information please contact:<\/p>\n<p><a href=\"mailto:vetsunited@welttierschutz.org\">vetsunited@welttierschutz.org<\/a><\/p>\n<p><strong>\u00a0<\/strong><\/p>\n<p><strong>\u00a0<\/strong><\/p>\n<p><strong>Welttierschutzstiftung<\/strong><br \/>\nReinhardtstr. 10<br \/>\n10117 Berlin<br \/>\nGermany<br \/>\nPhone: +49(0)30-92372260<br \/>\nE-Mail: info@welttierschutz.org<\/p>\n<p>Registered by Justizbeh\u00f6rde Hamburg on June 8, 2015<\/p>\n<p>Court having jurisdiction: Amtsgericht Berlin-Charlottenburg<br \/>\nTax number: 17\/427\/03696<\/p>\n<p>Responsible for the editorial content of this website:<br \/>\nWelttierschutzstiftung<\/p>\n<p>Person responsible according to the German Press Law:<br \/>\nDirector Welttierschutzstiftung, Karin Siegmund<\/p>\n<\/div>\n<\/div><\/div><\/div><\/div><\/div><\/div><\/div><\/div><\/div><\/div><\/div>","protected":false},"excerpt":{"rendered":"<p>\/\/ IMPRINT &nbsp; These materials have been developed within the WTS VETS UNITED programme. The programme is funded by Welttierschutzgesellschaft e.V. (WTG). www.teaching-animal-welfare.org For more information please contact: vetsunited@welttierschutz.org \u00a0 \u00a0 Welttierschutzstiftung Reinhardtstr. 10 10117 Berlin Germany Phone: +49(0)30-92372260 E-Mail: info@welttierschutz.org Registered by Justizbeh\u00f6rde Hamburg on June 8, 2015 Court having jurisdiction: Amtsgericht Berlin-Charlottenburg Tax [&hellip;]<\/p>\n","protected":false},"author":1,"featured_media":0,"parent":0,"menu_order":0,"comment_status":"closed","ping_status":"closed","template":"","meta":{"footnotes":""},"class_list":["post-1048","page","type-page","status-publish","hentry","post"],"yoast_head":"<!-- This site is optimized with the Yoast SEO plugin v27.2 - https:\/\/yoast.com\/product\/yoast-seo-wordpress\/ -->\n<title>Imprint - Ense\u00f1anza del Bienestar Animal %<\/title>\n<meta name=\"description\" content=\"educaci\u00f3n veterinaria, M\u00f3dulos did\u00e1cticos, M\u00f3dulos de bienestar animal, Cl\u00ednica veterinaria para el cuidado animal, formaci\u00f3n veterinaria, paraprofessional veterinario, clases de bienestar animal, POR UNA MEJOR ATENCI\u00d3N VETERINARIA EN TODO EL MUNDO\" \/>\n<meta name=\"robots\" content=\"index, follow, max-snippet:-1, max-image-preview:large, max-video-preview:-1\" \/>\n<link rel=\"canonical\" href=\"https:\/\/teaching-animal-welfare.org\/es\/imprint\/\" \/>\n<meta property=\"og:locale\" content=\"es_ES\" \/>\n<meta property=\"og:type\" content=\"article\" \/>\n<meta property=\"og:title\" content=\"Imprint - Ense\u00f1anza del Bienestar Animal %\" \/>\n<meta property=\"og:description\" content=\"educaci\u00f3n veterinaria, M\u00f3dulos did\u00e1cticos, M\u00f3dulos de bienestar animal, Cl\u00ednica veterinaria para el cuidado animal, formaci\u00f3n veterinaria, paraprofessional veterinario, clases de bienestar animal, POR UNA MEJOR ATENCI\u00d3N VETERINARIA EN TODO EL MUNDO\" \/>\n<meta property=\"og:url\" content=\"https:\/\/teaching-animal-welfare.org\/es\/imprint\/\" \/>\n<meta property=\"og:site_name\" content=\"Ense\u00f1anza del Bienestar Animal\" \/>\n<meta property=\"article:publisher\" content=\"https:\/\/www.facebook.com\/WTSVetsUnited\" \/>\n<meta property=\"article:modified_time\" content=\"2023-07-03T18:35:20+00:00\" \/>\n<meta name=\"twitter:card\" content=\"summary_large_image\" \/>\n<script type=\"application\/ld+json\" class=\"yoast-schema-graph\">{\"@context\":\"https:\/\/schema.org\",\"@graph\":[{\"@type\":\"WebPage\",\"@id\":\"https:\/\/teaching-animal-welfare.org\/es\/imprint\/\",\"url\":\"https:\/\/teaching-animal-welfare.org\/es\/imprint\/\",\"name\":\"Imprint - Ense\u00f1anza del Bienestar Animal %\",\"isPartOf\":{\"@id\":\"https:\/\/teaching-animal-welfare.org\/es\/#website\"},\"datePublished\":\"2023-06-17T15:52:43+00:00\",\"dateModified\":\"2023-07-03T18:35:20+00:00\",\"description\":\"educaci\u00f3n veterinaria, M\u00f3dulos did\u00e1cticos, M\u00f3dulos de bienestar animal, Cl\u00ednica veterinaria para el cuidado animal, formaci\u00f3n veterinaria, paraprofessional veterinario, clases de bienestar animal, POR UNA MEJOR ATENCI\u00d3N VETERINARIA EN TODO EL MUNDO\",\"breadcrumb\":{\"@id\":\"https:\/\/teaching-animal-welfare.org\/es\/imprint\/#breadcrumb\"},\"inLanguage\":\"es\",\"potentialAction\":[{\"@type\":\"ReadAction\",\"target\":[\"https:\/\/teaching-animal-welfare.org\/es\/imprint\/\"]}]},{\"@type\":\"BreadcrumbList\",\"@id\":\"https:\/\/teaching-animal-welfare.org\/es\/imprint\/#breadcrumb\",\"itemListElement\":[{\"@type\":\"ListItem\",\"position\":1,\"name\":\"Startseite\",\"item\":\"https:\/\/teaching-animal-welfare.org\/es\/\"},{\"@type\":\"ListItem\",\"position\":2,\"name\":\"Imprint\"}]},{\"@type\":\"WebSite\",\"@id\":\"https:\/\/teaching-animal-welfare.org\/es\/#website\",\"url\":\"https:\/\/teaching-animal-welfare.org\/es\/\",\"name\":\"Ense\u00f1anza del Bienestar Animal\",\"description\":\"\",\"publisher\":{\"@id\":\"https:\/\/teaching-animal-welfare.org\/es\/#organization\"},\"potentialAction\":[{\"@type\":\"SearchAction\",\"target\":{\"@type\":\"EntryPoint\",\"urlTemplate\":\"https:\/\/teaching-animal-welfare.org\/es\/?s={search_term_string}\"},\"query-input\":{\"@type\":\"PropertyValueSpecification\",\"valueRequired\":true,\"valueName\":\"search_term_string\"}}],\"inLanguage\":\"es\"},{\"@type\":\"Organization\",\"@id\":\"https:\/\/teaching-animal-welfare.org\/es\/#organization\",\"name\":\"Ense\u00f1anza del Bienestar Animal\",\"url\":\"https:\/\/teaching-animal-welfare.org\/es\/\",\"logo\":{\"@type\":\"ImageObject\",\"inLanguage\":\"es\",\"@id\":\"https:\/\/teaching-animal-welfare.org\/es\/#\/schema\/logo\/image\/\",\"url\":\"https:\/\/teaching-animal-welfare.org\/es\/wp-content\/uploads\/2023\/04\/Logo_WTS.svg\",\"contentUrl\":\"https:\/\/teaching-animal-welfare.org\/es\/wp-content\/uploads\/2023\/04\/Logo_WTS.svg\",\"width\":200,\"height\":200,\"caption\":\"Ense\u00f1anza del Bienestar Animal\"},\"image\":{\"@id\":\"https:\/\/teaching-animal-welfare.org\/es\/#\/schema\/logo\/image\/\"},\"sameAs\":[\"https:\/\/www.facebook.com\/WTSVetsUnited\"]}]}<\/script>\n<!-- \/ Yoast SEO plugin. -->","yoast_head_json":{"title":"Imprint - Ense\u00f1anza del Bienestar Animal %","description":"educaci\u00f3n veterinaria, M\u00f3dulos did\u00e1cticos, M\u00f3dulos de bienestar animal, Cl\u00ednica veterinaria para el cuidado animal, formaci\u00f3n veterinaria, paraprofessional veterinario, clases de bienestar animal, POR UNA MEJOR ATENCI\u00d3N VETERINARIA EN TODO EL MUNDO","robots":{"index":"index","follow":"follow","max-snippet":"max-snippet:-1","max-image-preview":"max-image-preview:large","max-video-preview":"max-video-preview:-1"},"canonical":"https:\/\/teaching-animal-welfare.org\/es\/imprint\/","og_locale":"es_ES","og_type":"article","og_title":"Imprint - Ense\u00f1anza del Bienestar Animal %","og_description":"educaci\u00f3n veterinaria, M\u00f3dulos did\u00e1cticos, M\u00f3dulos de bienestar animal, Cl\u00ednica veterinaria para el cuidado animal, formaci\u00f3n veterinaria, paraprofessional veterinario, clases de bienestar animal, POR UNA MEJOR ATENCI\u00d3N VETERINARIA EN TODO EL MUNDO","og_url":"https:\/\/teaching-animal-welfare.org\/es\/imprint\/","og_site_name":"Ense\u00f1anza del Bienestar Animal","article_publisher":"https:\/\/www.facebook.com\/WTSVetsUnited","article_modified_time":"2023-07-03T18:35:20+00:00","twitter_card":"summary_large_image","schema":{"@context":"https:\/\/schema.org","@graph":[{"@type":"WebPage","@id":"https:\/\/teaching-animal-welfare.org\/es\/imprint\/","url":"https:\/\/teaching-animal-welfare.org\/es\/imprint\/","name":"Imprint - Ense\u00f1anza del Bienestar Animal %","isPartOf":{"@id":"https:\/\/teaching-animal-welfare.org\/es\/#website"},"datePublished":"2023-06-17T15:52:43+00:00","dateModified":"2023-07-03T18:35:20+00:00","description":"educaci\u00f3n veterinaria, M\u00f3dulos did\u00e1cticos, M\u00f3dulos de bienestar animal, Cl\u00ednica veterinaria para el cuidado animal, formaci\u00f3n veterinaria, paraprofessional veterinario, clases de bienestar animal, POR UNA MEJOR ATENCI\u00d3N VETERINARIA EN TODO EL MUNDO","breadcrumb":{"@id":"https:\/\/teaching-animal-welfare.org\/es\/imprint\/#breadcrumb"},"inLanguage":"es","potentialAction":[{"@type":"ReadAction","target":["https:\/\/teaching-animal-welfare.org\/es\/imprint\/"]}]},{"@type":"BreadcrumbList","@id":"https:\/\/teaching-animal-welfare.org\/es\/imprint\/#breadcrumb","itemListElement":[{"@type":"ListItem","position":1,"name":"Startseite","item":"https:\/\/teaching-animal-welfare.org\/es\/"},{"@type":"ListItem","position":2,"name":"Imprint"}]},{"@type":"WebSite","@id":"https:\/\/teaching-animal-welfare.org\/es\/#website","url":"https:\/\/teaching-animal-welfare.org\/es\/","name":"Ense\u00f1anza del Bienestar Animal","description":"","publisher":{"@id":"https:\/\/teaching-animal-welfare.org\/es\/#organization"},"potentialAction":[{"@type":"SearchAction","target":{"@type":"EntryPoint","urlTemplate":"https:\/\/teaching-animal-welfare.org\/es\/?s={search_term_string}"},"query-input":{"@type":"PropertyValueSpecification","valueRequired":true,"valueName":"search_term_string"}}],"inLanguage":"es"},{"@type":"Organization","@id":"https:\/\/teaching-animal-welfare.org\/es\/#organization","name":"Ense\u00f1anza del Bienestar Animal","url":"https:\/\/teaching-animal-welfare.org\/es\/","logo":{"@type":"ImageObject","inLanguage":"es","@id":"https:\/\/teaching-animal-welfare.org\/es\/#\/schema\/logo\/image\/","url":"https:\/\/teaching-animal-welfare.org\/es\/wp-content\/uploads\/2023\/04\/Logo_WTS.svg","contentUrl":"https:\/\/teaching-animal-welfare.org\/es\/wp-content\/uploads\/2023\/04\/Logo_WTS.svg","width":200,"height":200,"caption":"Ense\u00f1anza del Bienestar Animal"},"image":{"@id":"https:\/\/teaching-animal-welfare.org\/es\/#\/schema\/logo\/image\/"},"sameAs":["https:\/\/www.facebook.com\/WTSVetsUnited"]}]}},"_links":{"self":[{"href":"https:\/\/teaching-animal-welfare.org\/es\/wp-json\/wp\/v2\/pages\/1048","targetHints":{"allow":["GET"]}}],"collection":[{"href":"https:\/\/teaching-animal-welfare.org\/es\/wp-json\/wp\/v2\/pages"}],"about":[{"href":"https:\/\/teaching-animal-welfare.org\/es\/wp-json\/wp\/v2\/types\/page"}],"author":[{"embeddable":true,"href":"https:\/\/teaching-animal-welfare.org\/es\/wp-json\/wp\/v2\/users\/1"}],"replies":[{"embeddable":true,"href":"https:\/\/teaching-animal-welfare.org\/es\/wp-json\/wp\/v2\/comments?post=1048"}],"version-history":[{"count":16,"href":"https:\/\/teaching-animal-welfare.org\/es\/wp-json\/wp\/v2\/pages\/1048\/revisions"}],"predecessor-version":[{"id":1587,"href":"https:\/\/teaching-animal-welfare.org\/es\/wp-json\/wp\/v2\/pages\/1048\/revisions\/1587"}],"wp:attachment":[{"href":"https:\/\/teaching-animal-welfare.org\/es\/wp-json\/wp\/v2\/media?parent=1048"}],"curies":[{"name":"wp","href":"https:\/\/api.w.org\/{rel}","templated":true}]}}