{"id":18,"date":"2023-03-29T10:48:29","date_gmt":"2023-03-29T08:48:29","guid":{"rendered":"https:\/\/teaching-animal-welfare.org\/login\/"},"modified":"2024-07-09T19:10:59","modified_gmt":"2024-07-09T17:10:59","slug":"login","status":"publish","type":"page","link":"https:\/\/teaching-animal-welfare.org\/es\/login\/","title":{"rendered":"Login"},"content":{"rendered":"<div id=\"pl-18\"  class=\"panel-layout\" ><div id=\"pg-18-0\"  class=\"panel-grid panel-has-style\" ><div class=\"containOuter containOuterBG panel-row-style panel-row-style-for-18-0\" ><div id=\"pgc-18-0-0\"  class=\"panel-grid-cell\" ><div id=\"panel-18-0-0-0\" class=\"so-panel widget widget_sow-image panel-first-child panel-last-child\" data-index=\"0\" ><div class=\"containInner panel-widget-style panel-widget-style-for-18-0-0-0\" ><div\n\t\t\t\n\t\t\tclass=\"so-widget-sow-image so-widget-sow-image-default-dbf295114b96-18\"\n\t\t\t\n\t\t>\n<div class=\"sow-image-container\">\n\t\t<img \n\tsrc=\"https:\/\/teaching-animal-welfare.org\/es\/wp-content\/uploads\/2023\/07\/WTS-Login-Header.jpg\" width=\"1240\" height=\"500\" srcset=\"https:\/\/teaching-animal-welfare.org\/es\/wp-content\/uploads\/2023\/07\/WTS-Login-Header.jpg 1240w, https:\/\/teaching-animal-welfare.org\/es\/wp-content\/uploads\/2023\/07\/WTS-Login-Header-300x121.jpg 300w, https:\/\/teaching-animal-welfare.org\/es\/wp-content\/uploads\/2023\/07\/WTS-Login-Header-1024x413.jpg 1024w, https:\/\/teaching-animal-welfare.org\/es\/wp-content\/uploads\/2023\/07\/WTS-Login-Header-768x310.jpg 768w\" sizes=\"(max-width: 1240px) 100vw, 1240px\" alt=\"\" \t\tclass=\"so-widget-image\"\/>\n\t<\/div>\n\n<\/div><\/div><\/div><\/div><\/div><\/div><div id=\"pg-18-1\"  class=\"panel-grid panel-has-style\" ><div class=\"containOuter panel-row-style panel-row-style-for-18-1\" ><div id=\"pgc-18-1-0\"  class=\"panel-grid-cell\" ><div id=\"panel-18-1-0-0\" class=\"so-panel widget widget_siteorigin-panels-builder panel-first-child panel-last-child\" data-index=\"1\" ><div class=\"login panel-widget-style panel-widget-style-for-18-1-0-0\" ><div id=\"pl-w668d6f234e015\"  class=\"panel-layout\" ><div id=\"pg-w668d6f234e015-0\"  class=\"panel-grid panel-has-style\" ><div class=\"containInner panel-row-style panel-row-style-for-w668d6f234e015-0\" ><div id=\"pgc-w668d6f234e015-0-0\"  class=\"panel-grid-cell\" ><div id=\"panel-w668d6f234e015-0-0-0\" class=\"so-panel widget widget_sow-editor panel-first-child panel-last-child\" data-index=\"0\" ><div class=\"panel-widget-style panel-widget-style-for-w668d6f234e015-0-0-0\" ><div\n\t\t\t\n\t\t\tclass=\"so-widget-sow-editor so-widget-sow-editor-base\"\n\t\t\t\n\t\t><h3 class=\"widget-title\">\/\/\u00a0INICIO DE SESI\u00d3N<\/h3>\n<div class=\"siteorigin-widget-tinymce textwidget\">\n\t<p><a class=\"infoText\" href=\"\/login\">Switch here to English Version<\/a><br \/>\n<a class=\"infoText\" href=\"\/fr\/login\">Passer \u00e0 la version fran\u00e7aise<\/a><\/p>\n\n<div class=\"um um-login um-14\">\n\t<div class=\"um-form\">\n\t\t<form method=\"post\" action=\"\" autocomplete=\"off\">\n\t\t\t<div class=\"um-row-heading\" style=\"margin: 0px 0px 30px 0px;margin-bottom: 0px;border-width: 0px 0px 0px 0px;border-style: solid;border-radius: 0px 0px 0px 0px;border-bottom-width: 0px;color: #6c9c1f;\"><\/div><div class=\"um-row _um_row_1 \" style=\"padding: 0px 0px 0px 0px;margin: 0px 0px 30px 0px;margin-top: 0px;border-width: 0px 0px 0px 0px;border-top-width: 0px;border-style: solid;border-radius: 0px 0px 0px 0px;\"><div class=\"um-col-1\"><div  id=\"um_field_14_username\" class=\"um-field um-field-text  um-field-username um-field-text um-field-type_text\" data-key=\"username\"><div class=\"um-field-label\"><label for=\"username-14\">Nombre de usuario o correo electr\u00f3nico<span class=\"um-req\" title=\"Obligatorio\">*<\/span><\/label><div class=\"um-clear\"><\/div><\/div><div class=\"um-field-area\"><input  autocomplete=\"off\" class=\"um-form-field valid \" type=\"text\" name=\"username-14\" id=\"username-14\" value=\"\" placeholder=\"\" data-validate=\"\" data-key=\"username\"  aria-invalid=\"false\" \/>\n\n\t\t\t\t\t\t<\/div><\/div><div  id=\"um_field_14_user_password\" class=\"um-field um-field-password  um-field-user_password um-field-password um-field-type_password\" data-key=\"user_password\"><div class=\"um-field-label\"><label for=\"user_password-14\">Contrase\u00f1a<span class=\"um-req\" title=\"Obligatorio\">*<\/span><\/label><div class=\"um-clear\"><\/div><\/div><div class=\"um-field-area\"><input class=\"um-form-field valid \" type=\"password\" name=\"user_password-14\" id=\"user_password-14\" value=\"\" placeholder=\"\" data-validate=\"\" data-key=\"user_password\"  aria-invalid=\"false\" \/>\n\n\t\t\t\t\t\t\t<\/div><\/div><\/div><\/div>\t<input type=\"hidden\" name=\"form_id\" id=\"form_id_14\" value=\"14\" \/>\n\t\t<p class=\"um_request_name\">\n\t\t<label for=\"um_request_14\">Only fill in if you are not human<\/label>\n\t\t<input type=\"hidden\" name=\"um_request\" id=\"um_request_14\" class=\"input\" value=\"\" size=\"25\" autocomplete=\"off\" \/>\n\t<\/p>\n\t<input type=\"hidden\" id=\"_wpnonce\" name=\"_wpnonce\" value=\"4787e14910\" \/><input type=\"hidden\" name=\"_wp_http_referer\" value=\"\/es\/wp-json\/wp\/v2\/pages\/18\" \/>\n\t<div class=\"um-col-alt\">\n\n\t\t\n\t\t\t<div class=\"um-center\">\n\t\t\t\t<input type=\"submit\" value=\"INICIO DE SESI\u00d3N\" class=\"um-button\" id=\"um-submit-btn\" \/>\n\t\t\t<\/div>\n\n\t\t\n\t\t<div class=\"um-clear\"><\/div>\n\n\t<\/div>\n\n\t\n\t<div class=\"um-col-alt-b\">\n\t\t<a href=\"https:\/\/teaching-animal-welfare.org\/es\/password-reset\/\" class=\"um-link-alt\">\n\t\t\t\u00bfHas olvidado tu contrase\u00f1a?\t\t<\/a>\n\t<\/div>\n\n\t\t\t<\/form>\n\t<\/div>\n<\/div>\n<style>\n\t\t\t.um-14.um {\n\t\t\tmax-width: 450px;\n\t\t}\n\t\t<\/style>\n\n<\/div>\n<\/div><\/div><\/div><\/div><\/div><\/div><\/div><\/div><\/div><\/div><\/div><\/div><\/div>","protected":false},"excerpt":{"rendered":"<p>\/\/\u00a0INICIO DE SESI\u00d3N Switch here to English Version Passer \u00e0 la version fran\u00e7aise Nombre de usuario o correo electr\u00f3nico* Contrase\u00f1a* Only fill in if you are not human \u00bfHas olvidado tu contrase\u00f1a?<\/p>\n","protected":false},"author":1,"featured_media":0,"parent":0,"menu_order":0,"comment_status":"closed","ping_status":"closed","template":"","meta":{"footnotes":""},"class_list":["post-18","page","type-page","status-publish","hentry","post"],"yoast_head":"<!-- This site is optimized with the Yoast SEO plugin v27.2 - https:\/\/yoast.com\/product\/yoast-seo-wordpress\/ -->\n<title>Login - Ense\u00f1anza del Bienestar Animal %<\/title>\n<meta name=\"description\" content=\"educaci\u00f3n veterinaria, M\u00f3dulos did\u00e1cticos, M\u00f3dulos de bienestar animal, Cl\u00ednica veterinaria para el cuidado animal, formaci\u00f3n veterinaria, paraprofessional veterinario, clases de bienestar animal, POR UNA MEJOR ATENCI\u00d3N VETERINARIA EN TODO EL MUNDO\" \/>\n<meta name=\"robots\" content=\"index, follow, max-snippet:-1, max-image-preview:large, max-video-preview:-1\" \/>\n<link rel=\"canonical\" href=\"https:\/\/teaching-animal-welfare.org\/es\/login\/\" \/>\n<meta property=\"og:locale\" content=\"es_ES\" \/>\n<meta property=\"og:type\" content=\"article\" \/>\n<meta property=\"og:title\" content=\"Login - Ense\u00f1anza del Bienestar Animal %\" \/>\n<meta property=\"og:description\" content=\"educaci\u00f3n veterinaria, M\u00f3dulos did\u00e1cticos, M\u00f3dulos de bienestar animal, Cl\u00ednica veterinaria para el cuidado animal, formaci\u00f3n veterinaria, paraprofessional veterinario, clases de bienestar animal, POR UNA MEJOR ATENCI\u00d3N VETERINARIA EN TODO EL MUNDO\" \/>\n<meta property=\"og:url\" content=\"https:\/\/teaching-animal-welfare.org\/es\/login\/\" \/>\n<meta property=\"og:site_name\" content=\"Ense\u00f1anza del Bienestar Animal\" \/>\n<meta property=\"article:publisher\" content=\"https:\/\/www.facebook.com\/WTSVetsUnited\" \/>\n<meta property=\"article:modified_time\" content=\"2024-07-09T17:10:59+00:00\" \/>\n<meta name=\"twitter:card\" content=\"summary_large_image\" \/>\n<meta name=\"twitter:label1\" content=\"Tiempo de lectura\" \/>\n\t<meta name=\"twitter:data1\" content=\"1 minuto\" \/>\n<script type=\"application\/ld+json\" class=\"yoast-schema-graph\">{\"@context\":\"https:\/\/schema.org\",\"@graph\":[{\"@type\":\"WebPage\",\"@id\":\"https:\/\/teaching-animal-welfare.org\/es\/login\/\",\"url\":\"https:\/\/teaching-animal-welfare.org\/es\/login\/\",\"name\":\"Login - Ense\u00f1anza del Bienestar Animal %\",\"isPartOf\":{\"@id\":\"https:\/\/teaching-animal-welfare.org\/es\/#website\"},\"datePublished\":\"2023-03-29T08:48:29+00:00\",\"dateModified\":\"2024-07-09T17:10:59+00:00\",\"description\":\"educaci\u00f3n veterinaria, M\u00f3dulos did\u00e1cticos, M\u00f3dulos de bienestar animal, Cl\u00ednica veterinaria para el cuidado animal, formaci\u00f3n veterinaria, paraprofessional veterinario, clases de bienestar animal, POR UNA MEJOR ATENCI\u00d3N VETERINARIA EN TODO EL MUNDO\",\"breadcrumb\":{\"@id\":\"https:\/\/teaching-animal-welfare.org\/es\/login\/#breadcrumb\"},\"inLanguage\":\"es\",\"potentialAction\":[{\"@type\":\"ReadAction\",\"target\":[\"https:\/\/teaching-animal-welfare.org\/es\/login\/\"]}]},{\"@type\":\"BreadcrumbList\",\"@id\":\"https:\/\/teaching-animal-welfare.org\/es\/login\/#breadcrumb\",\"itemListElement\":[{\"@type\":\"ListItem\",\"position\":1,\"name\":\"Startseite\",\"item\":\"https:\/\/teaching-animal-welfare.org\/es\/\"},{\"@type\":\"ListItem\",\"position\":2,\"name\":\"Login\"}]},{\"@type\":\"WebSite\",\"@id\":\"https:\/\/teaching-animal-welfare.org\/es\/#website\",\"url\":\"https:\/\/teaching-animal-welfare.org\/es\/\",\"name\":\"Ense\u00f1anza del Bienestar Animal\",\"description\":\"\",\"publisher\":{\"@id\":\"https:\/\/teaching-animal-welfare.org\/es\/#organization\"},\"potentialAction\":[{\"@type\":\"SearchAction\",\"target\":{\"@type\":\"EntryPoint\",\"urlTemplate\":\"https:\/\/teaching-animal-welfare.org\/es\/?s={search_term_string}\"},\"query-input\":{\"@type\":\"PropertyValueSpecification\",\"valueRequired\":true,\"valueName\":\"search_term_string\"}}],\"inLanguage\":\"es\"},{\"@type\":\"Organization\",\"@id\":\"https:\/\/teaching-animal-welfare.org\/es\/#organization\",\"name\":\"Ense\u00f1anza del Bienestar Animal\",\"url\":\"https:\/\/teaching-animal-welfare.org\/es\/\",\"logo\":{\"@type\":\"ImageObject\",\"inLanguage\":\"es\",\"@id\":\"https:\/\/teaching-animal-welfare.org\/es\/#\/schema\/logo\/image\/\",\"url\":\"https:\/\/teaching-animal-welfare.org\/es\/wp-content\/uploads\/2023\/04\/Logo_WTS.svg\",\"contentUrl\":\"https:\/\/teaching-animal-welfare.org\/es\/wp-content\/uploads\/2023\/04\/Logo_WTS.svg\",\"width\":200,\"height\":200,\"caption\":\"Ense\u00f1anza del Bienestar Animal\"},\"image\":{\"@id\":\"https:\/\/teaching-animal-welfare.org\/es\/#\/schema\/logo\/image\/\"},\"sameAs\":[\"https:\/\/www.facebook.com\/WTSVetsUnited\"]}]}<\/script>\n<!-- \/ Yoast SEO plugin. -->","yoast_head_json":{"title":"Login - Ense\u00f1anza del Bienestar Animal %","description":"educaci\u00f3n veterinaria, M\u00f3dulos did\u00e1cticos, M\u00f3dulos de bienestar animal, Cl\u00ednica veterinaria para el cuidado animal, formaci\u00f3n veterinaria, paraprofessional veterinario, clases de bienestar animal, POR UNA MEJOR ATENCI\u00d3N VETERINARIA EN TODO EL MUNDO","robots":{"index":"index","follow":"follow","max-snippet":"max-snippet:-1","max-image-preview":"max-image-preview:large","max-video-preview":"max-video-preview:-1"},"canonical":"https:\/\/teaching-animal-welfare.org\/es\/login\/","og_locale":"es_ES","og_type":"article","og_title":"Login - Ense\u00f1anza del Bienestar Animal %","og_description":"educaci\u00f3n veterinaria, M\u00f3dulos did\u00e1cticos, M\u00f3dulos de bienestar animal, Cl\u00ednica veterinaria para el cuidado animal, formaci\u00f3n veterinaria, paraprofessional veterinario, clases de bienestar animal, POR UNA MEJOR ATENCI\u00d3N VETERINARIA EN TODO EL MUNDO","og_url":"https:\/\/teaching-animal-welfare.org\/es\/login\/","og_site_name":"Ense\u00f1anza del Bienestar Animal","article_publisher":"https:\/\/www.facebook.com\/WTSVetsUnited","article_modified_time":"2024-07-09T17:10:59+00:00","twitter_card":"summary_large_image","twitter_misc":{"Tiempo de lectura":"1 minuto"},"schema":{"@context":"https:\/\/schema.org","@graph":[{"@type":"WebPage","@id":"https:\/\/teaching-animal-welfare.org\/es\/login\/","url":"https:\/\/teaching-animal-welfare.org\/es\/login\/","name":"Login - Ense\u00f1anza del Bienestar Animal %","isPartOf":{"@id":"https:\/\/teaching-animal-welfare.org\/es\/#website"},"datePublished":"2023-03-29T08:48:29+00:00","dateModified":"2024-07-09T17:10:59+00:00","description":"educaci\u00f3n veterinaria, M\u00f3dulos did\u00e1cticos, M\u00f3dulos de bienestar animal, Cl\u00ednica veterinaria para el cuidado animal, formaci\u00f3n veterinaria, paraprofessional veterinario, clases de bienestar animal, POR UNA MEJOR ATENCI\u00d3N VETERINARIA EN TODO EL MUNDO","breadcrumb":{"@id":"https:\/\/teaching-animal-welfare.org\/es\/login\/#breadcrumb"},"inLanguage":"es","potentialAction":[{"@type":"ReadAction","target":["https:\/\/teaching-animal-welfare.org\/es\/login\/"]}]},{"@type":"BreadcrumbList","@id":"https:\/\/teaching-animal-welfare.org\/es\/login\/#breadcrumb","itemListElement":[{"@type":"ListItem","position":1,"name":"Startseite","item":"https:\/\/teaching-animal-welfare.org\/es\/"},{"@type":"ListItem","position":2,"name":"Login"}]},{"@type":"WebSite","@id":"https:\/\/teaching-animal-welfare.org\/es\/#website","url":"https:\/\/teaching-animal-welfare.org\/es\/","name":"Ense\u00f1anza del Bienestar Animal","description":"","publisher":{"@id":"https:\/\/teaching-animal-welfare.org\/es\/#organization"},"potentialAction":[{"@type":"SearchAction","target":{"@type":"EntryPoint","urlTemplate":"https:\/\/teaching-animal-welfare.org\/es\/?s={search_term_string}"},"query-input":{"@type":"PropertyValueSpecification","valueRequired":true,"valueName":"search_term_string"}}],"inLanguage":"es"},{"@type":"Organization","@id":"https:\/\/teaching-animal-welfare.org\/es\/#organization","name":"Ense\u00f1anza del Bienestar Animal","url":"https:\/\/teaching-animal-welfare.org\/es\/","logo":{"@type":"ImageObject","inLanguage":"es","@id":"https:\/\/teaching-animal-welfare.org\/es\/#\/schema\/logo\/image\/","url":"https:\/\/teaching-animal-welfare.org\/es\/wp-content\/uploads\/2023\/04\/Logo_WTS.svg","contentUrl":"https:\/\/teaching-animal-welfare.org\/es\/wp-content\/uploads\/2023\/04\/Logo_WTS.svg","width":200,"height":200,"caption":"Ense\u00f1anza del Bienestar Animal"},"image":{"@id":"https:\/\/teaching-animal-welfare.org\/es\/#\/schema\/logo\/image\/"},"sameAs":["https:\/\/www.facebook.com\/WTSVetsUnited"]}]}},"_links":{"self":[{"href":"https:\/\/teaching-animal-welfare.org\/es\/wp-json\/wp\/v2\/pages\/18","targetHints":{"allow":["GET"]}}],"collection":[{"href":"https:\/\/teaching-animal-welfare.org\/es\/wp-json\/wp\/v2\/pages"}],"about":[{"href":"https:\/\/teaching-animal-welfare.org\/es\/wp-json\/wp\/v2\/types\/page"}],"author":[{"embeddable":true,"href":"https:\/\/teaching-animal-welfare.org\/es\/wp-json\/wp\/v2\/users\/1"}],"replies":[{"embeddable":true,"href":"https:\/\/teaching-animal-welfare.org\/es\/wp-json\/wp\/v2\/comments?post=18"}],"version-history":[{"count":39,"href":"https:\/\/teaching-animal-welfare.org\/es\/wp-json\/wp\/v2\/pages\/18\/revisions"}],"predecessor-version":[{"id":2417,"href":"https:\/\/teaching-animal-welfare.org\/es\/wp-json\/wp\/v2\/pages\/18\/revisions\/2417"}],"wp:attachment":[{"href":"https:\/\/teaching-animal-welfare.org\/es\/wp-json\/wp\/v2\/media?parent=18"}],"curies":[{"name":"wp","href":"https:\/\/api.w.org\/{rel}","templated":true}]}}