{"id":23,"date":"2023-03-29T10:48:29","date_gmt":"2023-03-29T08:48:29","guid":{"rendered":"https:\/\/teaching-animal-welfare.org\/password-reset\/"},"modified":"2023-07-05T20:42:30","modified_gmt":"2023-07-05T18:42:30","slug":"password-reset","status":"publish","type":"page","link":"https:\/\/teaching-animal-welfare.org\/es\/password-reset\/","title":{"rendered":"Passwort Reset"},"content":{"rendered":"<div id=\"pl-23\"  class=\"panel-layout\" ><div id=\"pg-23-0\"  class=\"panel-grid panel-has-style\" ><div class=\"containOuter containOuterBG panel-row-style panel-row-style-for-23-0\" ><div id=\"pgc-23-0-0\"  class=\"panel-grid-cell\" ><div id=\"panel-23-0-0-0\" class=\"so-panel widget widget_sow-image panel-first-child panel-last-child\" data-index=\"0\" ><div class=\"containInner panel-widget-style panel-widget-style-for-23-0-0-0\" ><div\n\t\t\t\n\t\t\tclass=\"so-widget-sow-image so-widget-sow-image-default-dbf295114b96-23\"\n\t\t\t\n\t\t>\n<div class=\"sow-image-container\">\n\t\t<img \n\tsrc=\"https:\/\/teaching-animal-welfare.org\/es\/wp-content\/uploads\/2023\/07\/WTS-Forgot_Password-Header.jpg\" width=\"1240\" height=\"500\" srcset=\"https:\/\/teaching-animal-welfare.org\/es\/wp-content\/uploads\/2023\/07\/WTS-Forgot_Password-Header.jpg 1240w, https:\/\/teaching-animal-welfare.org\/es\/wp-content\/uploads\/2023\/07\/WTS-Forgot_Password-Header-300x121.jpg 300w, https:\/\/teaching-animal-welfare.org\/es\/wp-content\/uploads\/2023\/07\/WTS-Forgot_Password-Header-1024x413.jpg 1024w, https:\/\/teaching-animal-welfare.org\/es\/wp-content\/uploads\/2023\/07\/WTS-Forgot_Password-Header-768x310.jpg 768w\" sizes=\"(max-width: 1240px) 100vw, 1240px\" alt=\"\" \t\tclass=\"so-widget-image\"\/>\n\t<\/div>\n\n<\/div><\/div><\/div><\/div><\/div><\/div><div id=\"pg-23-1\"  class=\"panel-grid panel-has-style\" ><div class=\"containInner panel-row-style panel-row-style-for-23-1\" ><div id=\"pgc-23-1-0\"  class=\"panel-grid-cell\" ><div id=\"panel-23-1-0-0\" class=\"so-panel widget widget_siteorigin-panels-builder panel-first-child panel-last-child\" data-index=\"1\" ><div id=\"pl-w6485e093e6706\"  class=\"panel-layout\" ><div id=\"pg-w6485e093e6706-0\"  class=\"panel-grid panel-has-style\" ><div class=\"containInner panel-row-style panel-row-style-for-w6485e093e6706-0\" ><div id=\"pgc-w6485e093e6706-0-0\"  class=\"panel-grid-cell\" ><div id=\"panel-w6485e093e6706-0-0-0\" class=\"so-panel widget widget_sow-editor panel-first-child panel-last-child\" data-index=\"0\" ><div\n\t\t\t\n\t\t\tclass=\"so-widget-sow-editor so-widget-sow-editor-base\"\n\t\t\t\n\t\t>\n<div class=\"siteorigin-widget-tinymce textwidget\">\n\t<div class=\"um um-password um-um_password_id\">\n\t<div class=\"um-form\">\n\t\t<form method=\"post\" action=\"\">\n\t\t\t\n\t\t\t\t<input type=\"hidden\" name=\"_um_password_reset\" id=\"_um_password_reset\" value=\"1\" \/>\n\n\t\t\t\t\t\t\t\t\t<div class=\"um-field um-field-block um-field-type_block\">\n\t\t\t\t\t\t<div class=\"um-field-block\">\n\t\t\t\t\t\t\t<div style=\"text-align:center;\">\n\t\t\t\t\t\t\t\tPara restablecer tu contrase\u00f1a, por favor, introduce a continuaci\u00f3n tu direcci\u00f3n de correo electr\u00f3nico o nombre de usuario.\t\t\t\t\t\t\t<\/div>\n\t\t\t\t\t\t<\/div>\n\t\t\t\t\t<\/div>\n\t\t\t\t\t<div  id=\"um_field_0_username_b\" class=\"um-field um-field-text  um-field-username_b um-field-text um-field-type_text\" data-key=\"username_b\"><div class=\"um-field-area\"><input  autocomplete=\"off\" class=\"um-form-field valid \" type=\"text\" name=\"username_b\" id=\"username_b\" value=\"\" placeholder=\"Introduce tu nombre de usuario o correo electr\u00f3nico\" data-validate=\"\" data-key=\"username_b\"  aria-invalid=\"false\" \/>\n\n\t\t\t\t\t\t<\/div><\/div>\t\t\t\t<div class=\"um-col-alt um-col-alt-b\">\n\t\t\t\t\t<div class=\"um-center\">\n\t\t\t\t\t\t<input type=\"submit\" value=\"Restablecer contrase\u00f1a\" class=\"um-button\" id=\"um-submit-btn\" \/>\n\t\t\t\t\t<\/div>\n\t\t\t\t\t<div class=\"um-clear\"><\/div>\n\t\t\t\t<\/div>\n\t\t\t\t\t<input type=\"hidden\" name=\"form_id\" id=\"form_id_um_password_id\" value=\"um_password_id\" \/>\n\t\t<p class=\"um_request_name\">\n\t\t<label for=\"um_request_um_password_id\">Only fill in if you are not human<\/label>\n\t\t<input type=\"hidden\" name=\"um_request\" id=\"um_request_um_password_id\" class=\"input\" value=\"\" size=\"25\" autocomplete=\"off\" \/>\n\t<\/p>\n\t\t\t<\/form>\n\t<\/div>\n<\/div>\n<style>\n\t\t\t.um-um_password_id.um {\n\t\t\tmax-width: 450px;\n\t\t}\n\t\t<\/style>\n\n<\/div>\n<\/div><\/div><\/div><\/div><\/div><\/div><\/div><\/div><\/div><\/div><\/div>","protected":false},"excerpt":{"rendered":"<p>Para restablecer tu contrase\u00f1a, por favor, introduce a continuaci\u00f3n tu direcci\u00f3n de correo electr\u00f3nico o nombre de usuario. Only fill in if you are not human<\/p>\n","protected":false},"author":1,"featured_media":0,"parent":0,"menu_order":0,"comment_status":"closed","ping_status":"closed","template":"","meta":{"footnotes":""},"class_list":["post-23","page","type-page","status-publish","hentry","post"],"yoast_head":"<!-- This site is optimized with the Yoast SEO plugin v27.2 - https:\/\/yoast.com\/product\/yoast-seo-wordpress\/ -->\n<title>Passwort Reset - Ense\u00f1anza del Bienestar Animal %<\/title>\n<meta name=\"description\" content=\"educaci\u00f3n veterinaria, M\u00f3dulos did\u00e1cticos, M\u00f3dulos de bienestar animal, Cl\u00ednica veterinaria para el cuidado animal, formaci\u00f3n veterinaria, paraprofessional veterinario, clases de bienestar animal, POR UNA MEJOR ATENCI\u00d3N VETERINARIA EN TODO EL MUNDO\" \/>\n<meta name=\"robots\" content=\"index, follow, max-snippet:-1, max-image-preview:large, max-video-preview:-1\" \/>\n<link rel=\"canonical\" href=\"https:\/\/teaching-animal-welfare.org\/es\/password-reset\/\" \/>\n<meta property=\"og:locale\" content=\"es_ES\" \/>\n<meta property=\"og:type\" content=\"article\" \/>\n<meta property=\"og:title\" content=\"Passwort Reset - Ense\u00f1anza del Bienestar Animal %\" \/>\n<meta property=\"og:description\" content=\"educaci\u00f3n veterinaria, M\u00f3dulos did\u00e1cticos, M\u00f3dulos de bienestar animal, Cl\u00ednica veterinaria para el cuidado animal, formaci\u00f3n veterinaria, paraprofessional veterinario, clases de bienestar animal, POR UNA MEJOR ATENCI\u00d3N VETERINARIA EN TODO EL MUNDO\" \/>\n<meta property=\"og:url\" content=\"https:\/\/teaching-animal-welfare.org\/es\/password-reset\/\" \/>\n<meta property=\"og:site_name\" content=\"Ense\u00f1anza del Bienestar Animal\" \/>\n<meta property=\"article:publisher\" content=\"https:\/\/www.facebook.com\/WTSVetsUnited\" \/>\n<meta property=\"article:modified_time\" content=\"2023-07-05T18:42:30+00:00\" \/>\n<meta name=\"twitter:card\" content=\"summary_large_image\" \/>\n<script type=\"application\/ld+json\" class=\"yoast-schema-graph\">{\"@context\":\"https:\/\/schema.org\",\"@graph\":[{\"@type\":\"WebPage\",\"@id\":\"https:\/\/teaching-animal-welfare.org\/es\/password-reset\/\",\"url\":\"https:\/\/teaching-animal-welfare.org\/es\/password-reset\/\",\"name\":\"Passwort Reset - Ense\u00f1anza del Bienestar Animal %\",\"isPartOf\":{\"@id\":\"https:\/\/teaching-animal-welfare.org\/es\/#website\"},\"datePublished\":\"2023-03-29T08:48:29+00:00\",\"dateModified\":\"2023-07-05T18:42:30+00:00\",\"description\":\"educaci\u00f3n veterinaria, M\u00f3dulos did\u00e1cticos, M\u00f3dulos de bienestar animal, Cl\u00ednica veterinaria para el cuidado animal, formaci\u00f3n veterinaria, paraprofessional veterinario, clases de bienestar animal, POR UNA MEJOR ATENCI\u00d3N VETERINARIA EN TODO EL MUNDO\",\"breadcrumb\":{\"@id\":\"https:\/\/teaching-animal-welfare.org\/es\/password-reset\/#breadcrumb\"},\"inLanguage\":\"es\",\"potentialAction\":[{\"@type\":\"ReadAction\",\"target\":[\"https:\/\/teaching-animal-welfare.org\/es\/password-reset\/\"]}]},{\"@type\":\"BreadcrumbList\",\"@id\":\"https:\/\/teaching-animal-welfare.org\/es\/password-reset\/#breadcrumb\",\"itemListElement\":[{\"@type\":\"ListItem\",\"position\":1,\"name\":\"Startseite\",\"item\":\"https:\/\/teaching-animal-welfare.org\/es\/\"},{\"@type\":\"ListItem\",\"position\":2,\"name\":\"Passwort Reset\"}]},{\"@type\":\"WebSite\",\"@id\":\"https:\/\/teaching-animal-welfare.org\/es\/#website\",\"url\":\"https:\/\/teaching-animal-welfare.org\/es\/\",\"name\":\"Ense\u00f1anza del Bienestar Animal\",\"description\":\"\",\"publisher\":{\"@id\":\"https:\/\/teaching-animal-welfare.org\/es\/#organization\"},\"potentialAction\":[{\"@type\":\"SearchAction\",\"target\":{\"@type\":\"EntryPoint\",\"urlTemplate\":\"https:\/\/teaching-animal-welfare.org\/es\/?s={search_term_string}\"},\"query-input\":{\"@type\":\"PropertyValueSpecification\",\"valueRequired\":true,\"valueName\":\"search_term_string\"}}],\"inLanguage\":\"es\"},{\"@type\":\"Organization\",\"@id\":\"https:\/\/teaching-animal-welfare.org\/es\/#organization\",\"name\":\"Ense\u00f1anza del Bienestar Animal\",\"url\":\"https:\/\/teaching-animal-welfare.org\/es\/\",\"logo\":{\"@type\":\"ImageObject\",\"inLanguage\":\"es\",\"@id\":\"https:\/\/teaching-animal-welfare.org\/es\/#\/schema\/logo\/image\/\",\"url\":\"https:\/\/teaching-animal-welfare.org\/es\/wp-content\/uploads\/2023\/04\/Logo_WTS.svg\",\"contentUrl\":\"https:\/\/teaching-animal-welfare.org\/es\/wp-content\/uploads\/2023\/04\/Logo_WTS.svg\",\"width\":200,\"height\":200,\"caption\":\"Ense\u00f1anza del Bienestar Animal\"},\"image\":{\"@id\":\"https:\/\/teaching-animal-welfare.org\/es\/#\/schema\/logo\/image\/\"},\"sameAs\":[\"https:\/\/www.facebook.com\/WTSVetsUnited\"]}]}<\/script>\n<!-- \/ Yoast SEO plugin. -->","yoast_head_json":{"title":"Passwort Reset - Ense\u00f1anza del Bienestar Animal %","description":"educaci\u00f3n veterinaria, M\u00f3dulos did\u00e1cticos, M\u00f3dulos de bienestar animal, Cl\u00ednica veterinaria para el cuidado animal, formaci\u00f3n veterinaria, paraprofessional veterinario, clases de bienestar animal, POR UNA MEJOR ATENCI\u00d3N VETERINARIA EN TODO EL MUNDO","robots":{"index":"index","follow":"follow","max-snippet":"max-snippet:-1","max-image-preview":"max-image-preview:large","max-video-preview":"max-video-preview:-1"},"canonical":"https:\/\/teaching-animal-welfare.org\/es\/password-reset\/","og_locale":"es_ES","og_type":"article","og_title":"Passwort Reset - Ense\u00f1anza del Bienestar Animal %","og_description":"educaci\u00f3n veterinaria, M\u00f3dulos did\u00e1cticos, M\u00f3dulos de bienestar animal, Cl\u00ednica veterinaria para el cuidado animal, formaci\u00f3n veterinaria, paraprofessional veterinario, clases de bienestar animal, POR UNA MEJOR ATENCI\u00d3N VETERINARIA EN TODO EL MUNDO","og_url":"https:\/\/teaching-animal-welfare.org\/es\/password-reset\/","og_site_name":"Ense\u00f1anza del Bienestar Animal","article_publisher":"https:\/\/www.facebook.com\/WTSVetsUnited","article_modified_time":"2023-07-05T18:42:30+00:00","twitter_card":"summary_large_image","schema":{"@context":"https:\/\/schema.org","@graph":[{"@type":"WebPage","@id":"https:\/\/teaching-animal-welfare.org\/es\/password-reset\/","url":"https:\/\/teaching-animal-welfare.org\/es\/password-reset\/","name":"Passwort Reset - Ense\u00f1anza del Bienestar Animal %","isPartOf":{"@id":"https:\/\/teaching-animal-welfare.org\/es\/#website"},"datePublished":"2023-03-29T08:48:29+00:00","dateModified":"2023-07-05T18:42:30+00:00","description":"educaci\u00f3n veterinaria, M\u00f3dulos did\u00e1cticos, M\u00f3dulos de bienestar animal, Cl\u00ednica veterinaria para el cuidado animal, formaci\u00f3n veterinaria, paraprofessional veterinario, clases de bienestar animal, POR UNA MEJOR ATENCI\u00d3N VETERINARIA EN TODO EL MUNDO","breadcrumb":{"@id":"https:\/\/teaching-animal-welfare.org\/es\/password-reset\/#breadcrumb"},"inLanguage":"es","potentialAction":[{"@type":"ReadAction","target":["https:\/\/teaching-animal-welfare.org\/es\/password-reset\/"]}]},{"@type":"BreadcrumbList","@id":"https:\/\/teaching-animal-welfare.org\/es\/password-reset\/#breadcrumb","itemListElement":[{"@type":"ListItem","position":1,"name":"Startseite","item":"https:\/\/teaching-animal-welfare.org\/es\/"},{"@type":"ListItem","position":2,"name":"Passwort Reset"}]},{"@type":"WebSite","@id":"https:\/\/teaching-animal-welfare.org\/es\/#website","url":"https:\/\/teaching-animal-welfare.org\/es\/","name":"Ense\u00f1anza del Bienestar Animal","description":"","publisher":{"@id":"https:\/\/teaching-animal-welfare.org\/es\/#organization"},"potentialAction":[{"@type":"SearchAction","target":{"@type":"EntryPoint","urlTemplate":"https:\/\/teaching-animal-welfare.org\/es\/?s={search_term_string}"},"query-input":{"@type":"PropertyValueSpecification","valueRequired":true,"valueName":"search_term_string"}}],"inLanguage":"es"},{"@type":"Organization","@id":"https:\/\/teaching-animal-welfare.org\/es\/#organization","name":"Ense\u00f1anza del Bienestar Animal","url":"https:\/\/teaching-animal-welfare.org\/es\/","logo":{"@type":"ImageObject","inLanguage":"es","@id":"https:\/\/teaching-animal-welfare.org\/es\/#\/schema\/logo\/image\/","url":"https:\/\/teaching-animal-welfare.org\/es\/wp-content\/uploads\/2023\/04\/Logo_WTS.svg","contentUrl":"https:\/\/teaching-animal-welfare.org\/es\/wp-content\/uploads\/2023\/04\/Logo_WTS.svg","width":200,"height":200,"caption":"Ense\u00f1anza del Bienestar Animal"},"image":{"@id":"https:\/\/teaching-animal-welfare.org\/es\/#\/schema\/logo\/image\/"},"sameAs":["https:\/\/www.facebook.com\/WTSVetsUnited"]}]}},"_links":{"self":[{"href":"https:\/\/teaching-animal-welfare.org\/es\/wp-json\/wp\/v2\/pages\/23","targetHints":{"allow":["GET"]}}],"collection":[{"href":"https:\/\/teaching-animal-welfare.org\/es\/wp-json\/wp\/v2\/pages"}],"about":[{"href":"https:\/\/teaching-animal-welfare.org\/es\/wp-json\/wp\/v2\/types\/page"}],"author":[{"embeddable":true,"href":"https:\/\/teaching-animal-welfare.org\/es\/wp-json\/wp\/v2\/users\/1"}],"replies":[{"embeddable":true,"href":"https:\/\/teaching-animal-welfare.org\/es\/wp-json\/wp\/v2\/comments?post=23"}],"version-history":[{"count":19,"href":"https:\/\/teaching-animal-welfare.org\/es\/wp-json\/wp\/v2\/pages\/23\/revisions"}],"predecessor-version":[{"id":1609,"href":"https:\/\/teaching-animal-welfare.org\/es\/wp-json\/wp\/v2\/pages\/23\/revisions\/1609"}],"wp:attachment":[{"href":"https:\/\/teaching-animal-welfare.org\/es\/wp-json\/wp\/v2\/media?parent=23"}],"curies":[{"name":"wp","href":"https:\/\/api.w.org\/{rel}","templated":true}]}}