{"id":2478,"date":"2025-10-01T21:11:49","date_gmt":"2025-10-01T19:11:49","guid":{"rendered":"https:\/\/teaching-animal-welfare.org\/es\/?page_id=2478"},"modified":"2025-10-01T21:23:28","modified_gmt":"2025-10-01T19:23:28","slug":"faq","status":"publish","type":"page","link":"https:\/\/teaching-animal-welfare.org\/es\/faq\/","title":{"rendered":"FAQ"},"content":{"rendered":"<div id=\"pl-2478\"  class=\"panel-layout\" ><div id=\"pg-2478-0\"  class=\"panel-grid panel-has-style\" ><div class=\"containOuter containOuterBG panel-row-style panel-row-style-for-2478-0\" ><div id=\"pgc-2478-0-0\"  class=\"panel-grid-cell\" ><div id=\"panel-2478-0-0-0\" class=\"so-panel widget widget_siteorigin-panels-builder panel-first-child panel-last-child\" data-index=\"0\" ><div class=\"containInner panel-widget-style panel-widget-style-for-2478-0-0-0\" ><div id=\"pl-w68dd7cf5b4992\"  class=\"panel-layout\" ><div id=\"pg-w68dd7cf5b4992-0\"  class=\"panel-grid panel-no-style\" ><div id=\"pgc-w68dd7cf5b4992-0-0\"  class=\"panel-grid-cell\" ><div id=\"panel-w68dd7cf5b4992-0-0-0\" class=\"so-panel widget widget_sow-image panel-first-child panel-last-child\" data-index=\"0\" ><div\n\t\t\t\n\t\t\tclass=\"so-widget-sow-image so-widget-sow-image-default-c67d20f9f743\"\n\t\t\t\n\t\t>\n<div class=\"sow-image-container\">\n\t\t<img \n\tsrc=\"https:\/\/teaching-animal-welfare.org\/es\/wp-content\/uploads\/2025\/10\/WTS-Disclaimer-FAQ-Header.jpg\" width=\"1240\" height=\"500\" srcset=\"https:\/\/teaching-animal-welfare.org\/es\/wp-content\/uploads\/2025\/10\/WTS-Disclaimer-FAQ-Header.jpg 1240w, https:\/\/teaching-animal-welfare.org\/es\/wp-content\/uploads\/2025\/10\/WTS-Disclaimer-FAQ-Header-300x121.jpg 300w, https:\/\/teaching-animal-welfare.org\/es\/wp-content\/uploads\/2025\/10\/WTS-Disclaimer-FAQ-Header-1024x413.jpg 1024w, https:\/\/teaching-animal-welfare.org\/es\/wp-content\/uploads\/2025\/10\/WTS-Disclaimer-FAQ-Header-768x310.jpg 768w\" sizes=\"(max-width: 1240px) 100vw, 1240px\" alt=\"\" \t\tclass=\"so-widget-image\"\/>\n\t<\/div>\n\n<\/div><\/div><\/div><\/div><\/div><\/div><\/div><\/div><\/div><\/div><div id=\"pg-2478-1\"  class=\"panel-grid panel-no-style\" ><div id=\"pgc-2478-1-0\"  class=\"panel-grid-cell\" ><div id=\"panel-2478-1-0-0\" class=\"so-panel widget widget_siteorigin-panels-builder panel-first-child panel-last-child\" data-index=\"1\" ><div class=\"containInner panel-widget-style panel-widget-style-for-2478-1-0-0\" ><div id=\"pl-w68dd7fb078a2f\"  class=\"panel-layout\" ><div id=\"pg-w68dd7fb078a2f-0\"  class=\"panel-grid panel-no-style\" ><div id=\"pgc-w68dd7fb078a2f-0-0\"  class=\"panel-grid-cell\" ><div id=\"panel-w68dd7fb078a2f-0-0-0\" class=\"so-panel widget widget_sow-editor panel-first-child panel-last-child\" data-index=\"0\" ><div\n\t\t\t\n\t\t\tclass=\"so-widget-sow-editor so-widget-sow-editor-base\"\n\t\t\t\n\t\t><h3 class=\"widget-title\">\/\/ FAQ<\/h3>\n<div class=\"siteorigin-widget-tinymce textwidget\">\n\t<p>&nbsp;<\/p>\n<p><strong>M\u00d3DULOS DID\u00c1CTICOS \u2013 PREGUNTAS FRECUENTES<\/strong><\/p>\n<p><strong>1. \u00bfQu\u00e9 son los m\u00f3dulos did\u00e1cticos sobre Bienestar Animal de VETS UNITED?<br \/>\n<\/strong>Los m\u00f3dulos did\u00e1cticos sobre Bienestar Animal de VETS UNITED son recursos completos y con base cient\u00edfica dise\u00f1ados para apoyar la educaci\u00f3n aplicada al bienestar animal. La colecci\u00f3n incluye actualmente 15 m\u00f3dulos, cada uno de los cuales se centra en un tema espec\u00edfico relacionado con el bienestar animal.<\/p>\n<p>Cada m\u00f3dulo contiene:<\/p>\n<ul>\n<li>Una clase magistral con notas did\u00e1cticas detalladas<\/li>\n<li>Un breve cuestionario<\/li>\n<li>Lecturas recomendadas<\/li>\n<li>Actividades sugeridas para el aula e ideas para excursiones<\/li>\n<\/ul>\n<p><strong>2. \u00bfPara quienes son los m\u00f3dulos?<br \/>\n<\/strong>Estos m\u00f3dulos est\u00e1n dise\u00f1ados principalmente para apoyar la formaci\u00f3n de profesionales de la salud animal, tanto en entornos acad\u00e9micos como para el desarrollo profesional continuo. Aunque est\u00e1n pensados para profesionales, cualquier persona interesada en el bienestar animal puede utilizarlos.<\/p>\n<p><strong>3. \u00bfSon de uso libre?<br \/>\n<\/strong>S\u00ed, los m\u00f3dulos did\u00e1cticos sobre bienestar animal de VETS UNITED son totalmente gratuitos. Para acceder a ellos, solo tiene que rellenar un breve formulario de registro para crear una cuenta. Una vez registrado, podr\u00e1 ver los m\u00f3dulos en l\u00ednea o descargarlos en formato PDF o PowerPoint.<\/p>\n<p><strong>4. \u00bfC\u00f3mo me registro?<br \/>\n<\/strong>Para registrarse, por favor visite el sitio: <a href=\"https:\/\/teaching-animal-welfare.org\/register\/es\">https:\/\/teaching-animal-welfare.org\/register\/es<\/a><\/p>\n<p>Se le pedir\u00e1 que proporcione algunos datos b\u00e1sicos, como su nombre y pa\u00eds. Tambi\u00e9n deber\u00e1 elegir un nombre de usuario (por ejemplo, su nombre o direcci\u00f3n de correo electr\u00f3nico) y crear una contrase\u00f1a, que deber\u00e1 confirmar durante el proceso de registro.<\/p>\n<p>Una vez registrado, podr\u00e1 iniciar sesi\u00f3n en cualquier momento para acceder a los m\u00f3dulos did\u00e1cticos a trav\u00e9s de la p\u00e1gina de inicio de sesi\u00f3n: <a href=\"https:\/\/teaching-animal-welfare.org\/login\/es%20\">https:\/\/teaching-animal-welfare.org\/login\/es<br \/>\n<\/a><br \/>\nEste breve v\u00eddeo le guiar\u00e1 en el proceso: <a href=\"https:\/\/youtu.be\/lyKtrAsmd9k?si=4j4SNM4vUdrC9z1V\" target=\"_blank\" rel=\"noopener\">https:\/\/youtu.be\/lyKtrAsmd9k?si=4j4SNM4vUdrC9z1V<\/a><\/p>\n<p>&nbsp;<\/p>\n<p><img loading=\"lazy\" decoding=\"async\" class=\"alignnone size-full wp-image-2481\" src=\"https:\/\/teaching-animal-welfare.org\/es\/wp-content\/uploads\/2025\/10\/WTS-Header-FAQ_esp.jpg\" alt=\"\" width=\"1240\" height=\"520\" srcset=\"https:\/\/teaching-animal-welfare.org\/es\/wp-content\/uploads\/2025\/10\/WTS-Header-FAQ_esp.jpg 1240w, https:\/\/teaching-animal-welfare.org\/es\/wp-content\/uploads\/2025\/10\/WTS-Header-FAQ_esp-300x126.jpg 300w, https:\/\/teaching-animal-welfare.org\/es\/wp-content\/uploads\/2025\/10\/WTS-Header-FAQ_esp-1024x429.jpg 1024w, https:\/\/teaching-animal-welfare.org\/es\/wp-content\/uploads\/2025\/10\/WTS-Header-FAQ_esp-768x322.jpg 768w\" sizes=\"auto, (max-width: 1240px) 100vw, 1240px\" \/><br \/>\n<strong>5. \u00bfSon los M\u00f3dulos Did\u00e1cticos sobre Bienestar Animal de VETS UNITED un curso en l\u00ednea?<br \/>\n<\/strong>No, los m\u00f3dulos no son un curso en l\u00ednea. Se desarrollaron para complementar la formaci\u00f3n presencial impartida por profesores, educadores o formadores de desarrollo profesional continuo (CPD).<\/p>\n<p>La responsabilidad de impartir y facilitar la formaci\u00f3n recae en el formador o la instituci\u00f3n correspondiente. Por lo tanto, VETS UNITED no expide certificados de finalizaci\u00f3n<\/p>\n<p><strong>6. \u00bfPueden los M\u00f3dulos Did\u00e1cticos sobre Bienestar Animal de VETS UNITED ser adaptados?<br \/>\n<\/strong>S\u00ed, los m\u00f3dulos est\u00e1n dise\u00f1ados para ser adaptables. Los formadores pueden seleccionar los temas espec\u00edficos que mejor se adapten a su p\u00fablico y contexto.<\/p>\n<p>Aunque las diapositivas individuales dentro de un tema no se pueden modificar, usted tiene libertad para:<\/p>\n<ul>\n<li>Eliminar diapositivas que no sean relevantes o adecuadas para el nivel.<\/li>\n<li>A\u00f1adir nuevas diapositivas con ejemplos espec\u00edficos de la regi\u00f3n o contenido adicional.<\/li>\n<\/ul>\n<p><strong>7. \u00bfEn qu\u00e9 idiomas est\u00e1n disponibles?<br \/>\n<\/strong>Los m\u00f3dulos est\u00e1n disponibles actualmente en ingl\u00e9s, espa\u00f1ol y franc\u00e9s.<\/p>\n<p>Nota: el m\u00f3dulo sobre bienestar de los peces solo est\u00e1 disponible en ingl\u00e9s y espa\u00f1ol por el momento.<\/p>\n<p><strong>8. \u00bfPuedo compartirlos con otras personas?<br \/>\n<\/strong>S\u00ed, los m\u00f3dulos son gratuitos y est\u00e1n abiertos a todo el mundo. Sin embargo, en lugar de compartir directamente los materiales descargados, por favor, comparta el enlace de registro:<br \/>\n<a href=\"https:\/\/teaching-animal-welfare.org\/register\/es\">https:\/\/teaching-animal-welfare.org\/register\/es<\/a><\/p>\n<p>Esto nos permite:<\/p>\n<ul>\n<li>Mantener a los usuarios informados sobre las actualizaciones (por ejemplo, nuevos m\u00f3dulos).<\/li>\n<li>Recopilar comentarios para mejorar los recursos.<\/li>\n<\/ul>\n<p><strong>VETS UNITED Gu\u00eda Paso a Paso<\/strong><\/p>\n<p><strong>1. \u00bfQu\u00e9 es la Gu\u00eda Paso a Paso ?<br \/>\n<\/strong>La Gu\u00eda paso a paso es un recurso pr\u00e1ctico que describe c\u00f3mo integrar de manera satisfactoria y sostenible el bienestar animal en la educaci\u00f3n acad\u00e9mica.<\/p>\n<p>Desarrollada a partir de la amplia experiencia de WTS en la impartici\u00f3n de programas de formaci\u00f3n sobre bienestar animal, la gu\u00eda incluye:<\/p>\n<ul>\n<li>Mejores pr\u00e1cticas<\/li>\n<li>Ejemplos de casos reales<\/li>\n<li>Plantillas y documentos de apoyo para facilitar la implementaci\u00f3n<\/li>\n<\/ul>\n<p><strong>2. \u00bfPara qui\u00e9n es la Gu\u00eda?<br \/>\n<\/strong>La gu\u00eda est\u00e1 dise\u00f1ada espec\u00edficamente para instituciones de educaci\u00f3n superior que ofrecen cursos sobre salud animal o campos relacionados.<\/p>\n<p>Su objetivo es ayudar a los educadores a impartir una formaci\u00f3n eficaz y completa sobre bienestar animal a sus alumnos.<\/p>\n<p><strong>3. \u00bfC\u00f3mo obtengo acceso a la Gu\u00eda Paso a Paso?<br \/>\n<\/strong>Puede acceder a la gu\u00eda aqu\u00ed: <a href=\"https:\/\/teaching-animal-welfare.org\/guide\/\">https:\/\/teaching-animal-welfare.org\/guide\/<\/a><\/p>\n<p>Para ver la gu\u00eda, reg\u00edstrese en: <a href=\"https:\/\/teaching-animal-welfare.org\/register\/es\">https:\/\/teaching-animal-welfare.org\/register\/es<\/a><\/p>\n<p>Si ya ha creado una cuenta para acceder a los m\u00f3dulos did\u00e1cticos, no es necesario que se registre de nuevo, simplemente inicie sesi\u00f3n con el mismo nombre de usuario y contrase\u00f1a.<\/p>\n<\/div>\n<\/div><\/div><\/div><\/div><\/div><\/div><\/div><\/div><\/div><\/div>","protected":false},"excerpt":{"rendered":"<p>\/\/ FAQ &nbsp; M\u00d3DULOS DID\u00c1CTICOS \u2013 PREGUNTAS FRECUENTES 1. \u00bfQu\u00e9 son los m\u00f3dulos did\u00e1cticos sobre Bienestar Animal de VETS UNITED? Los m\u00f3dulos did\u00e1cticos sobre Bienestar Animal de VETS UNITED son recursos completos y con base cient\u00edfica dise\u00f1ados para apoyar la educaci\u00f3n aplicada al bienestar animal. La colecci\u00f3n incluye actualmente 15 m\u00f3dulos, cada uno de los [&hellip;]<\/p>\n","protected":false},"author":1,"featured_media":0,"parent":0,"menu_order":0,"comment_status":"closed","ping_status":"closed","template":"","meta":{"footnotes":""},"class_list":["post-2478","page","type-page","status-publish","hentry","post"],"yoast_head":"<!-- This site is optimized with the Yoast SEO plugin v27.2 - https:\/\/yoast.com\/product\/yoast-seo-wordpress\/ -->\n<title>FAQ - Ense\u00f1anza del Bienestar Animal %<\/title>\n<meta name=\"description\" content=\"educaci\u00f3n veterinaria, M\u00f3dulos did\u00e1cticos, M\u00f3dulos de bienestar animal, Cl\u00ednica veterinaria para el cuidado animal, formaci\u00f3n veterinaria, paraprofessional veterinario, clases de bienestar animal, POR UNA MEJOR ATENCI\u00d3N VETERINARIA EN TODO EL MUNDO\" \/>\n<meta name=\"robots\" content=\"index, follow, max-snippet:-1, max-image-preview:large, max-video-preview:-1\" \/>\n<link rel=\"canonical\" href=\"https:\/\/teaching-animal-welfare.org\/es\/faq\/\" \/>\n<meta property=\"og:locale\" content=\"es_ES\" \/>\n<meta property=\"og:type\" content=\"article\" \/>\n<meta property=\"og:title\" content=\"FAQ - Ense\u00f1anza del Bienestar Animal %\" \/>\n<meta property=\"og:description\" content=\"educaci\u00f3n veterinaria, M\u00f3dulos did\u00e1cticos, M\u00f3dulos de bienestar animal, Cl\u00ednica veterinaria para el cuidado animal, formaci\u00f3n veterinaria, paraprofessional veterinario, clases de bienestar animal, POR UNA MEJOR ATENCI\u00d3N VETERINARIA EN TODO EL MUNDO\" \/>\n<meta property=\"og:url\" content=\"https:\/\/teaching-animal-welfare.org\/es\/faq\/\" \/>\n<meta property=\"og:site_name\" content=\"Ense\u00f1anza del Bienestar Animal\" \/>\n<meta property=\"article:publisher\" content=\"https:\/\/www.facebook.com\/WTSVetsUnited\" \/>\n<meta property=\"article:modified_time\" content=\"2025-10-01T19:23:28+00:00\" \/>\n<meta property=\"og:image\" content=\"https:\/\/teaching-animal-welfare.org\/es\/wp-content\/uploads\/2025\/10\/WTS-Header-FAQ_esp.jpg\" \/>\n<meta name=\"twitter:card\" content=\"summary_large_image\" \/>\n<meta name=\"twitter:label1\" content=\"Tiempo de lectura\" \/>\n\t<meta name=\"twitter:data1\" content=\"4 minutos\" \/>\n<script type=\"application\/ld+json\" class=\"yoast-schema-graph\">{\"@context\":\"https:\/\/schema.org\",\"@graph\":[{\"@type\":\"WebPage\",\"@id\":\"https:\/\/teaching-animal-welfare.org\/es\/faq\/\",\"url\":\"https:\/\/teaching-animal-welfare.org\/es\/faq\/\",\"name\":\"FAQ - Ense\u00f1anza del Bienestar Animal %\",\"isPartOf\":{\"@id\":\"https:\/\/teaching-animal-welfare.org\/es\/#website\"},\"primaryImageOfPage\":{\"@id\":\"https:\/\/teaching-animal-welfare.org\/es\/faq\/#primaryimage\"},\"image\":{\"@id\":\"https:\/\/teaching-animal-welfare.org\/es\/faq\/#primaryimage\"},\"thumbnailUrl\":\"https:\/\/teaching-animal-welfare.org\/es\/wp-content\/uploads\/2025\/10\/WTS-Header-FAQ_esp.jpg\",\"datePublished\":\"2025-10-01T19:11:49+00:00\",\"dateModified\":\"2025-10-01T19:23:28+00:00\",\"description\":\"educaci\u00f3n veterinaria, M\u00f3dulos did\u00e1cticos, M\u00f3dulos de bienestar animal, Cl\u00ednica veterinaria para el cuidado animal, formaci\u00f3n veterinaria, paraprofessional veterinario, clases de bienestar animal, POR UNA MEJOR ATENCI\u00d3N VETERINARIA EN TODO EL MUNDO\",\"breadcrumb\":{\"@id\":\"https:\/\/teaching-animal-welfare.org\/es\/faq\/#breadcrumb\"},\"inLanguage\":\"es\",\"potentialAction\":[{\"@type\":\"ReadAction\",\"target\":[\"https:\/\/teaching-animal-welfare.org\/es\/faq\/\"]}]},{\"@type\":\"ImageObject\",\"inLanguage\":\"es\",\"@id\":\"https:\/\/teaching-animal-welfare.org\/es\/faq\/#primaryimage\",\"url\":\"https:\/\/teaching-animal-welfare.org\/es\/wp-content\/uploads\/2025\/10\/WTS-Header-FAQ_esp.jpg\",\"contentUrl\":\"https:\/\/teaching-animal-welfare.org\/es\/wp-content\/uploads\/2025\/10\/WTS-Header-FAQ_esp.jpg\",\"width\":1240,\"height\":520},{\"@type\":\"BreadcrumbList\",\"@id\":\"https:\/\/teaching-animal-welfare.org\/es\/faq\/#breadcrumb\",\"itemListElement\":[{\"@type\":\"ListItem\",\"position\":1,\"name\":\"Startseite\",\"item\":\"https:\/\/teaching-animal-welfare.org\/es\/\"},{\"@type\":\"ListItem\",\"position\":2,\"name\":\"FAQ\"}]},{\"@type\":\"WebSite\",\"@id\":\"https:\/\/teaching-animal-welfare.org\/es\/#website\",\"url\":\"https:\/\/teaching-animal-welfare.org\/es\/\",\"name\":\"Ense\u00f1anza del Bienestar Animal\",\"description\":\"\",\"publisher\":{\"@id\":\"https:\/\/teaching-animal-welfare.org\/es\/#organization\"},\"potentialAction\":[{\"@type\":\"SearchAction\",\"target\":{\"@type\":\"EntryPoint\",\"urlTemplate\":\"https:\/\/teaching-animal-welfare.org\/es\/?s={search_term_string}\"},\"query-input\":{\"@type\":\"PropertyValueSpecification\",\"valueRequired\":true,\"valueName\":\"search_term_string\"}}],\"inLanguage\":\"es\"},{\"@type\":\"Organization\",\"@id\":\"https:\/\/teaching-animal-welfare.org\/es\/#organization\",\"name\":\"Ense\u00f1anza del Bienestar Animal\",\"url\":\"https:\/\/teaching-animal-welfare.org\/es\/\",\"logo\":{\"@type\":\"ImageObject\",\"inLanguage\":\"es\",\"@id\":\"https:\/\/teaching-animal-welfare.org\/es\/#\/schema\/logo\/image\/\",\"url\":\"https:\/\/teaching-animal-welfare.org\/es\/wp-content\/uploads\/2023\/04\/Logo_WTS.svg\",\"contentUrl\":\"https:\/\/teaching-animal-welfare.org\/es\/wp-content\/uploads\/2023\/04\/Logo_WTS.svg\",\"width\":200,\"height\":200,\"caption\":\"Ense\u00f1anza del Bienestar Animal\"},\"image\":{\"@id\":\"https:\/\/teaching-animal-welfare.org\/es\/#\/schema\/logo\/image\/\"},\"sameAs\":[\"https:\/\/www.facebook.com\/WTSVetsUnited\"]}]}<\/script>\n<!-- \/ Yoast SEO plugin. -->","yoast_head_json":{"title":"FAQ - Ense\u00f1anza del Bienestar Animal %","description":"educaci\u00f3n veterinaria, M\u00f3dulos did\u00e1cticos, M\u00f3dulos de bienestar animal, Cl\u00ednica veterinaria para el cuidado animal, formaci\u00f3n veterinaria, paraprofessional veterinario, clases de bienestar animal, POR UNA MEJOR ATENCI\u00d3N VETERINARIA EN TODO EL MUNDO","robots":{"index":"index","follow":"follow","max-snippet":"max-snippet:-1","max-image-preview":"max-image-preview:large","max-video-preview":"max-video-preview:-1"},"canonical":"https:\/\/teaching-animal-welfare.org\/es\/faq\/","og_locale":"es_ES","og_type":"article","og_title":"FAQ - Ense\u00f1anza del Bienestar Animal %","og_description":"educaci\u00f3n veterinaria, M\u00f3dulos did\u00e1cticos, M\u00f3dulos de bienestar animal, Cl\u00ednica veterinaria para el cuidado animal, formaci\u00f3n veterinaria, paraprofessional veterinario, clases de bienestar animal, POR UNA MEJOR ATENCI\u00d3N VETERINARIA EN TODO EL MUNDO","og_url":"https:\/\/teaching-animal-welfare.org\/es\/faq\/","og_site_name":"Ense\u00f1anza del Bienestar Animal","article_publisher":"https:\/\/www.facebook.com\/WTSVetsUnited","article_modified_time":"2025-10-01T19:23:28+00:00","og_image":[{"url":"https:\/\/teaching-animal-welfare.org\/es\/wp-content\/uploads\/2025\/10\/WTS-Header-FAQ_esp.jpg","type":"","width":"","height":""}],"twitter_card":"summary_large_image","twitter_misc":{"Tiempo de lectura":"4 minutos"},"schema":{"@context":"https:\/\/schema.org","@graph":[{"@type":"WebPage","@id":"https:\/\/teaching-animal-welfare.org\/es\/faq\/","url":"https:\/\/teaching-animal-welfare.org\/es\/faq\/","name":"FAQ - Ense\u00f1anza del Bienestar Animal %","isPartOf":{"@id":"https:\/\/teaching-animal-welfare.org\/es\/#website"},"primaryImageOfPage":{"@id":"https:\/\/teaching-animal-welfare.org\/es\/faq\/#primaryimage"},"image":{"@id":"https:\/\/teaching-animal-welfare.org\/es\/faq\/#primaryimage"},"thumbnailUrl":"https:\/\/teaching-animal-welfare.org\/es\/wp-content\/uploads\/2025\/10\/WTS-Header-FAQ_esp.jpg","datePublished":"2025-10-01T19:11:49+00:00","dateModified":"2025-10-01T19:23:28+00:00","description":"educaci\u00f3n veterinaria, M\u00f3dulos did\u00e1cticos, M\u00f3dulos de bienestar animal, Cl\u00ednica veterinaria para el cuidado animal, formaci\u00f3n veterinaria, paraprofessional veterinario, clases de bienestar animal, POR UNA MEJOR ATENCI\u00d3N VETERINARIA EN TODO EL MUNDO","breadcrumb":{"@id":"https:\/\/teaching-animal-welfare.org\/es\/faq\/#breadcrumb"},"inLanguage":"es","potentialAction":[{"@type":"ReadAction","target":["https:\/\/teaching-animal-welfare.org\/es\/faq\/"]}]},{"@type":"ImageObject","inLanguage":"es","@id":"https:\/\/teaching-animal-welfare.org\/es\/faq\/#primaryimage","url":"https:\/\/teaching-animal-welfare.org\/es\/wp-content\/uploads\/2025\/10\/WTS-Header-FAQ_esp.jpg","contentUrl":"https:\/\/teaching-animal-welfare.org\/es\/wp-content\/uploads\/2025\/10\/WTS-Header-FAQ_esp.jpg","width":1240,"height":520},{"@type":"BreadcrumbList","@id":"https:\/\/teaching-animal-welfare.org\/es\/faq\/#breadcrumb","itemListElement":[{"@type":"ListItem","position":1,"name":"Startseite","item":"https:\/\/teaching-animal-welfare.org\/es\/"},{"@type":"ListItem","position":2,"name":"FAQ"}]},{"@type":"WebSite","@id":"https:\/\/teaching-animal-welfare.org\/es\/#website","url":"https:\/\/teaching-animal-welfare.org\/es\/","name":"Ense\u00f1anza del Bienestar Animal","description":"","publisher":{"@id":"https:\/\/teaching-animal-welfare.org\/es\/#organization"},"potentialAction":[{"@type":"SearchAction","target":{"@type":"EntryPoint","urlTemplate":"https:\/\/teaching-animal-welfare.org\/es\/?s={search_term_string}"},"query-input":{"@type":"PropertyValueSpecification","valueRequired":true,"valueName":"search_term_string"}}],"inLanguage":"es"},{"@type":"Organization","@id":"https:\/\/teaching-animal-welfare.org\/es\/#organization","name":"Ense\u00f1anza del Bienestar Animal","url":"https:\/\/teaching-animal-welfare.org\/es\/","logo":{"@type":"ImageObject","inLanguage":"es","@id":"https:\/\/teaching-animal-welfare.org\/es\/#\/schema\/logo\/image\/","url":"https:\/\/teaching-animal-welfare.org\/es\/wp-content\/uploads\/2023\/04\/Logo_WTS.svg","contentUrl":"https:\/\/teaching-animal-welfare.org\/es\/wp-content\/uploads\/2023\/04\/Logo_WTS.svg","width":200,"height":200,"caption":"Ense\u00f1anza del Bienestar Animal"},"image":{"@id":"https:\/\/teaching-animal-welfare.org\/es\/#\/schema\/logo\/image\/"},"sameAs":["https:\/\/www.facebook.com\/WTSVetsUnited"]}]}},"_links":{"self":[{"href":"https:\/\/teaching-animal-welfare.org\/es\/wp-json\/wp\/v2\/pages\/2478","targetHints":{"allow":["GET"]}}],"collection":[{"href":"https:\/\/teaching-animal-welfare.org\/es\/wp-json\/wp\/v2\/pages"}],"about":[{"href":"https:\/\/teaching-animal-welfare.org\/es\/wp-json\/wp\/v2\/types\/page"}],"author":[{"embeddable":true,"href":"https:\/\/teaching-animal-welfare.org\/es\/wp-json\/wp\/v2\/users\/1"}],"replies":[{"embeddable":true,"href":"https:\/\/teaching-animal-welfare.org\/es\/wp-json\/wp\/v2\/comments?post=2478"}],"version-history":[{"count":4,"href":"https:\/\/teaching-animal-welfare.org\/es\/wp-json\/wp\/v2\/pages\/2478\/revisions"}],"predecessor-version":[{"id":2484,"href":"https:\/\/teaching-animal-welfare.org\/es\/wp-json\/wp\/v2\/pages\/2478\/revisions\/2484"}],"wp:attachment":[{"href":"https:\/\/teaching-animal-welfare.org\/es\/wp-json\/wp\/v2\/media?parent=2478"}],"curies":[{"name":"wp","href":"https:\/\/api.w.org\/{rel}","templated":true}]}}