{"id":3,"date":"2023-03-28T15:19:42","date_gmt":"2023-03-28T13:19:42","guid":{"rendered":"https:\/\/teaching-animal-welfare.org\/?page_id=3"},"modified":"2024-05-08T20:00:18","modified_gmt":"2024-05-08T18:00:18","slug":"disclaimer","status":"publish","type":"page","link":"https:\/\/teaching-animal-welfare.org\/es\/disclaimer\/","title":{"rendered":"Disclaimer"},"content":{"rendered":"<div id=\"pl-3\"  class=\"panel-layout\" ><div id=\"pg-3-0\"  class=\"panel-grid panel-has-style\" ><div class=\"containOuter containOuterBG panel-row-style panel-row-style-for-3-0\" ><div id=\"pgc-3-0-0\"  class=\"panel-grid-cell\" ><div id=\"panel-3-0-0-0\" class=\"so-panel widget widget_siteorigin-panels-builder panel-first-child panel-last-child\" data-index=\"0\" ><div class=\"containInner panel-widget-style panel-widget-style-for-3-0-0-0\" ><div id=\"pl-w64a310d9ec032\"  class=\"panel-layout\" ><div id=\"pg-w64a310d9ec032-0\"  class=\"panel-grid panel-no-style\" ><div id=\"pgc-w64a310d9ec032-0-0\"  class=\"panel-grid-cell\" ><div id=\"panel-w64a310d9ec032-0-0-0\" class=\"so-panel widget widget_sow-image panel-first-child panel-last-child\" data-index=\"0\" ><div\n\t\t\t\n\t\t\tclass=\"so-widget-sow-image so-widget-sow-image-default-c67d20f9f743\"\n\t\t\t\n\t\t>\n<div class=\"sow-image-container\">\n\t\t<img \n\tsrc=\"https:\/\/teaching-animal-welfare.org\/es\/wp-content\/uploads\/2023\/07\/WTS-Disclaimer-Header.jpg\" width=\"1240\" height=\"500\" srcset=\"https:\/\/teaching-animal-welfare.org\/es\/wp-content\/uploads\/2023\/07\/WTS-Disclaimer-Header.jpg 1240w, https:\/\/teaching-animal-welfare.org\/es\/wp-content\/uploads\/2023\/07\/WTS-Disclaimer-Header-300x121.jpg 300w, https:\/\/teaching-animal-welfare.org\/es\/wp-content\/uploads\/2023\/07\/WTS-Disclaimer-Header-1024x413.jpg 1024w, https:\/\/teaching-animal-welfare.org\/es\/wp-content\/uploads\/2023\/07\/WTS-Disclaimer-Header-768x310.jpg 768w\" sizes=\"(max-width: 1240px) 100vw, 1240px\" alt=\"\" \t\tclass=\"so-widget-image\"\/>\n\t<\/div>\n\n<\/div><\/div><\/div><\/div><\/div><\/div><\/div><\/div><\/div><\/div><div id=\"pg-3-1\"  class=\"panel-grid panel-has-style\" ><div class=\"containOuter panel-row-style panel-row-style-for-3-1\" ><div id=\"pgc-3-1-0\"  class=\"panel-grid-cell\" ><div id=\"panel-3-1-0-0\" class=\"so-panel widget widget_siteorigin-panels-builder panel-first-child panel-last-child\" data-index=\"1\" ><div id=\"pl-w663bbdb256642\"  class=\"panel-layout\" ><div id=\"pg-w663bbdb256642-0\"  class=\"panel-grid panel-has-style\" ><div class=\"containInner panel-row-style panel-row-style-for-w663bbdb256642-0\" ><div id=\"pgc-w663bbdb256642-0-0\"  class=\"panel-grid-cell\" ><div id=\"panel-w663bbdb256642-0-0-0\" class=\"so-panel widget widget_sow-editor panel-first-child panel-last-child\" data-index=\"0\" ><div\n\t\t\t\n\t\t\tclass=\"so-widget-sow-editor so-widget-sow-editor-base\"\n\t\t\t\n\t\t><h3 class=\"widget-title\">\/\/ LEGAL NOTICE<\/h3>\n<div class=\"siteorigin-widget-tinymce textwidget\">\n\t<p>&nbsp;<\/p>\n<p style=\"text-align: left;\"><strong>Copyright and limited license<\/strong><br \/>\nAll content included on this site, such as text, graphics, logos, photos, products, audio and video clips, and software, is the property of Welttierschutzstiftung, or its content suppliers or licensors and is protected by international copyright laws. You may not modify, publish, transmit, participate in the transfer or sale of, reproduce, create derivative works from, distribute, perform, display, incorporate into another website, or in any other way exploit any of the content, in whole or in part without the specific permission of Welttierschutzstiftung.<\/p>\n<p style=\"text-align: left;\">We would like to thank the following photographers and organisations for leaving their photographic material to our disposal: \u00a9Welttierschutzgesellschaft e.V. (WTG), \u00a9Lisa Ossenbrink, \u00a9Wiebke Plasse, \u00a9Action for the Protection of Wild Animals (APOWA), \u00a9Animals\u00b4 Angels, \u00a9Carl Salter, \u00a9CoVAB Makerere University, \u00a9Liberia Animal Welfare and Conservation Society (LAWCS), \u00a9Marlyn Romero Pe\u00f1uelas, \u00a9Remke Lasance<\/p>\n<p style=\"text-align: left;\"><strong>Disclaimer<\/strong><br \/>\nThe content of our website has been compiled with meticulous care and to the best of our knowledge. However, we cannot assume any liability for the up-to-dateness, completeness or accuracy of any of the pages.<\/p>\n<p style=\"text-align: left;\"><strong>Non-Profit<\/strong><br \/>\nAccording to the last Notice of Exemption by the Hamburg Tax Office, Tax number 17\/427\/03696, issued on April 1, 2021, Welttierschutzstiftung serves exclusively and directly for non-profit and animal welfare purposes. According to \u00a7 5 Abs. 1 Nr. 9 of the German Income Tax Code and \u00a7 3 Nr. 6 of the German Trade Tax Act Welttierschutzstiftung has been exempt from paying corporate income and trade income tax.<\/p>\n<p><strong>Google reCAPTCHA<\/strong><br \/>\nWe use Google reCAPTCHA in our internet presence to check and avoid interactions on our website through automated access, e.g. through so-called bots. This is a service of Google LLC, 1600 Amphitheatre Parkway, Mountain View, CA 94043 USA, hereinafter referred to as \"Google\" only. Through the certification according to the EU-US Privacy Shield <a class=\"moz-txt-link-freetext\" href=\"https:\/\/www.privacyshield.gov\/participant?id=a2zt000000001L5AAI&amp;status=Active\">https:\/\/www.privacyshield.gov\/participant?id=a2zt000000001L5AAI&amp;status=Active<\/a> guarantees Google that the EU's data protection requirements will be respected even when processing data in the US. This service enables Google to determine from which website an enquiry is sent and from which IP address you are using the so-called reCAPTCHA input box. In addition to your IP address, Google may also collect other information that is necessary for the offer and guarantee of this service. The legal basis is Art. 6 para. 1 lit. f) DSGVO. Our legitimate interest lies in the security of our Internet presence and in the prevention of unwanted, automated access in the form of spam or similar. Google offers under <a class=\"moz-txt-link-freetext\" href=\"https:\/\/policies.google.com\/privacy\">https:\/\/policies.google.com\/privacy<\/a> provides further information on the general handling of your user data.<\/p>\n<p style=\"text-align: left;\">\n<\/div>\n<\/div><\/div><\/div><\/div><\/div><\/div><\/div><\/div><\/div><\/div><\/div>","protected":false},"excerpt":{"rendered":"<p>\/\/ LEGAL NOTICE &nbsp; Copyright and limited license All content included on this site, such as text, graphics, logos, photos, products, audio and video clips, and software, is the property of Welttierschutzstiftung, or its content suppliers or licensors and is protected by international copyright laws. You may not modify, publish, transmit, participate in the transfer [&hellip;]<\/p>\n","protected":false},"author":1,"featured_media":0,"parent":0,"menu_order":0,"comment_status":"closed","ping_status":"open","template":"","meta":{"footnotes":""},"class_list":["post-3","page","type-page","status-publish","hentry","post"],"yoast_head":"<!-- This site is optimized with the Yoast SEO plugin v27.2 - https:\/\/yoast.com\/product\/yoast-seo-wordpress\/ -->\n<title>Disclaimer - Ense\u00f1anza del Bienestar Animal %<\/title>\n<meta name=\"description\" content=\"educaci\u00f3n veterinaria, M\u00f3dulos did\u00e1cticos, M\u00f3dulos de bienestar animal, Cl\u00ednica veterinaria para el cuidado animal, formaci\u00f3n veterinaria, paraprofessional veterinario, clases de bienestar animal, POR UNA MEJOR ATENCI\u00d3N VETERINARIA EN TODO EL MUNDO\" \/>\n<meta name=\"robots\" content=\"index, follow, max-snippet:-1, max-image-preview:large, max-video-preview:-1\" \/>\n<link rel=\"canonical\" href=\"https:\/\/teaching-animal-welfare.org\/es\/disclaimer\/\" \/>\n<meta property=\"og:locale\" content=\"es_ES\" \/>\n<meta property=\"og:type\" content=\"article\" \/>\n<meta property=\"og:title\" content=\"Disclaimer - Ense\u00f1anza del Bienestar Animal %\" \/>\n<meta property=\"og:description\" content=\"educaci\u00f3n veterinaria, M\u00f3dulos did\u00e1cticos, M\u00f3dulos de bienestar animal, Cl\u00ednica veterinaria para el cuidado animal, formaci\u00f3n veterinaria, paraprofessional veterinario, clases de bienestar animal, POR UNA MEJOR ATENCI\u00d3N VETERINARIA EN TODO EL MUNDO\" \/>\n<meta property=\"og:url\" content=\"https:\/\/teaching-animal-welfare.org\/es\/disclaimer\/\" \/>\n<meta property=\"og:site_name\" content=\"Ense\u00f1anza del Bienestar Animal\" \/>\n<meta property=\"article:publisher\" content=\"https:\/\/www.facebook.com\/WTSVetsUnited\" \/>\n<meta property=\"article:modified_time\" content=\"2024-05-08T18:00:18+00:00\" \/>\n<meta name=\"twitter:card\" content=\"summary_large_image\" \/>\n<meta name=\"twitter:label1\" content=\"Tiempo de lectura\" \/>\n\t<meta name=\"twitter:data1\" content=\"2 minutos\" \/>\n<script type=\"application\/ld+json\" class=\"yoast-schema-graph\">{\"@context\":\"https:\/\/schema.org\",\"@graph\":[{\"@type\":\"WebPage\",\"@id\":\"https:\/\/teaching-animal-welfare.org\/es\/disclaimer\/\",\"url\":\"https:\/\/teaching-animal-welfare.org\/es\/disclaimer\/\",\"name\":\"Disclaimer - Ense\u00f1anza del Bienestar Animal %\",\"isPartOf\":{\"@id\":\"https:\/\/teaching-animal-welfare.org\/es\/#website\"},\"datePublished\":\"2023-03-28T13:19:42+00:00\",\"dateModified\":\"2024-05-08T18:00:18+00:00\",\"description\":\"educaci\u00f3n veterinaria, M\u00f3dulos did\u00e1cticos, M\u00f3dulos de bienestar animal, Cl\u00ednica veterinaria para el cuidado animal, formaci\u00f3n veterinaria, paraprofessional veterinario, clases de bienestar animal, POR UNA MEJOR ATENCI\u00d3N VETERINARIA EN TODO EL MUNDO\",\"breadcrumb\":{\"@id\":\"https:\/\/teaching-animal-welfare.org\/es\/disclaimer\/#breadcrumb\"},\"inLanguage\":\"es\",\"potentialAction\":[{\"@type\":\"ReadAction\",\"target\":[\"https:\/\/teaching-animal-welfare.org\/es\/disclaimer\/\"]}]},{\"@type\":\"BreadcrumbList\",\"@id\":\"https:\/\/teaching-animal-welfare.org\/es\/disclaimer\/#breadcrumb\",\"itemListElement\":[{\"@type\":\"ListItem\",\"position\":1,\"name\":\"Startseite\",\"item\":\"https:\/\/teaching-animal-welfare.org\/es\/\"},{\"@type\":\"ListItem\",\"position\":2,\"name\":\"Disclaimer\"}]},{\"@type\":\"WebSite\",\"@id\":\"https:\/\/teaching-animal-welfare.org\/es\/#website\",\"url\":\"https:\/\/teaching-animal-welfare.org\/es\/\",\"name\":\"Ense\u00f1anza del Bienestar Animal\",\"description\":\"\",\"publisher\":{\"@id\":\"https:\/\/teaching-animal-welfare.org\/es\/#organization\"},\"potentialAction\":[{\"@type\":\"SearchAction\",\"target\":{\"@type\":\"EntryPoint\",\"urlTemplate\":\"https:\/\/teaching-animal-welfare.org\/es\/?s={search_term_string}\"},\"query-input\":{\"@type\":\"PropertyValueSpecification\",\"valueRequired\":true,\"valueName\":\"search_term_string\"}}],\"inLanguage\":\"es\"},{\"@type\":\"Organization\",\"@id\":\"https:\/\/teaching-animal-welfare.org\/es\/#organization\",\"name\":\"Ense\u00f1anza del Bienestar Animal\",\"url\":\"https:\/\/teaching-animal-welfare.org\/es\/\",\"logo\":{\"@type\":\"ImageObject\",\"inLanguage\":\"es\",\"@id\":\"https:\/\/teaching-animal-welfare.org\/es\/#\/schema\/logo\/image\/\",\"url\":\"https:\/\/teaching-animal-welfare.org\/es\/wp-content\/uploads\/2023\/04\/Logo_WTS.svg\",\"contentUrl\":\"https:\/\/teaching-animal-welfare.org\/es\/wp-content\/uploads\/2023\/04\/Logo_WTS.svg\",\"width\":200,\"height\":200,\"caption\":\"Ense\u00f1anza del Bienestar Animal\"},\"image\":{\"@id\":\"https:\/\/teaching-animal-welfare.org\/es\/#\/schema\/logo\/image\/\"},\"sameAs\":[\"https:\/\/www.facebook.com\/WTSVetsUnited\"]}]}<\/script>\n<!-- \/ Yoast SEO plugin. -->","yoast_head_json":{"title":"Disclaimer - Ense\u00f1anza del Bienestar Animal %","description":"educaci\u00f3n veterinaria, M\u00f3dulos did\u00e1cticos, M\u00f3dulos de bienestar animal, Cl\u00ednica veterinaria para el cuidado animal, formaci\u00f3n veterinaria, paraprofessional veterinario, clases de bienestar animal, POR UNA MEJOR ATENCI\u00d3N VETERINARIA EN TODO EL MUNDO","robots":{"index":"index","follow":"follow","max-snippet":"max-snippet:-1","max-image-preview":"max-image-preview:large","max-video-preview":"max-video-preview:-1"},"canonical":"https:\/\/teaching-animal-welfare.org\/es\/disclaimer\/","og_locale":"es_ES","og_type":"article","og_title":"Disclaimer - Ense\u00f1anza del Bienestar Animal %","og_description":"educaci\u00f3n veterinaria, M\u00f3dulos did\u00e1cticos, M\u00f3dulos de bienestar animal, Cl\u00ednica veterinaria para el cuidado animal, formaci\u00f3n veterinaria, paraprofessional veterinario, clases de bienestar animal, POR UNA MEJOR ATENCI\u00d3N VETERINARIA EN TODO EL MUNDO","og_url":"https:\/\/teaching-animal-welfare.org\/es\/disclaimer\/","og_site_name":"Ense\u00f1anza del Bienestar Animal","article_publisher":"https:\/\/www.facebook.com\/WTSVetsUnited","article_modified_time":"2024-05-08T18:00:18+00:00","twitter_card":"summary_large_image","twitter_misc":{"Tiempo de lectura":"2 minutos"},"schema":{"@context":"https:\/\/schema.org","@graph":[{"@type":"WebPage","@id":"https:\/\/teaching-animal-welfare.org\/es\/disclaimer\/","url":"https:\/\/teaching-animal-welfare.org\/es\/disclaimer\/","name":"Disclaimer - Ense\u00f1anza del Bienestar Animal %","isPartOf":{"@id":"https:\/\/teaching-animal-welfare.org\/es\/#website"},"datePublished":"2023-03-28T13:19:42+00:00","dateModified":"2024-05-08T18:00:18+00:00","description":"educaci\u00f3n veterinaria, M\u00f3dulos did\u00e1cticos, M\u00f3dulos de bienestar animal, Cl\u00ednica veterinaria para el cuidado animal, formaci\u00f3n veterinaria, paraprofessional veterinario, clases de bienestar animal, POR UNA MEJOR ATENCI\u00d3N VETERINARIA EN TODO EL MUNDO","breadcrumb":{"@id":"https:\/\/teaching-animal-welfare.org\/es\/disclaimer\/#breadcrumb"},"inLanguage":"es","potentialAction":[{"@type":"ReadAction","target":["https:\/\/teaching-animal-welfare.org\/es\/disclaimer\/"]}]},{"@type":"BreadcrumbList","@id":"https:\/\/teaching-animal-welfare.org\/es\/disclaimer\/#breadcrumb","itemListElement":[{"@type":"ListItem","position":1,"name":"Startseite","item":"https:\/\/teaching-animal-welfare.org\/es\/"},{"@type":"ListItem","position":2,"name":"Disclaimer"}]},{"@type":"WebSite","@id":"https:\/\/teaching-animal-welfare.org\/es\/#website","url":"https:\/\/teaching-animal-welfare.org\/es\/","name":"Ense\u00f1anza del Bienestar Animal","description":"","publisher":{"@id":"https:\/\/teaching-animal-welfare.org\/es\/#organization"},"potentialAction":[{"@type":"SearchAction","target":{"@type":"EntryPoint","urlTemplate":"https:\/\/teaching-animal-welfare.org\/es\/?s={search_term_string}"},"query-input":{"@type":"PropertyValueSpecification","valueRequired":true,"valueName":"search_term_string"}}],"inLanguage":"es"},{"@type":"Organization","@id":"https:\/\/teaching-animal-welfare.org\/es\/#organization","name":"Ense\u00f1anza del Bienestar Animal","url":"https:\/\/teaching-animal-welfare.org\/es\/","logo":{"@type":"ImageObject","inLanguage":"es","@id":"https:\/\/teaching-animal-welfare.org\/es\/#\/schema\/logo\/image\/","url":"https:\/\/teaching-animal-welfare.org\/es\/wp-content\/uploads\/2023\/04\/Logo_WTS.svg","contentUrl":"https:\/\/teaching-animal-welfare.org\/es\/wp-content\/uploads\/2023\/04\/Logo_WTS.svg","width":200,"height":200,"caption":"Ense\u00f1anza del Bienestar Animal"},"image":{"@id":"https:\/\/teaching-animal-welfare.org\/es\/#\/schema\/logo\/image\/"},"sameAs":["https:\/\/www.facebook.com\/WTSVetsUnited"]}]}},"_links":{"self":[{"href":"https:\/\/teaching-animal-welfare.org\/es\/wp-json\/wp\/v2\/pages\/3","targetHints":{"allow":["GET"]}}],"collection":[{"href":"https:\/\/teaching-animal-welfare.org\/es\/wp-json\/wp\/v2\/pages"}],"about":[{"href":"https:\/\/teaching-animal-welfare.org\/es\/wp-json\/wp\/v2\/types\/page"}],"author":[{"embeddable":true,"href":"https:\/\/teaching-animal-welfare.org\/es\/wp-json\/wp\/v2\/users\/1"}],"replies":[{"embeddable":true,"href":"https:\/\/teaching-animal-welfare.org\/es\/wp-json\/wp\/v2\/comments?post=3"}],"version-history":[{"count":41,"href":"https:\/\/teaching-animal-welfare.org\/es\/wp-json\/wp\/v2\/pages\/3\/revisions"}],"predecessor-version":[{"id":2245,"href":"https:\/\/teaching-animal-welfare.org\/es\/wp-json\/wp\/v2\/pages\/3\/revisions\/2245"}],"wp:attachment":[{"href":"https:\/\/teaching-animal-welfare.org\/es\/wp-json\/wp\/v2\/media?parent=3"}],"curies":[{"name":"wp","href":"https:\/\/api.w.org\/{rel}","templated":true}]}}