{"id":2257,"date":"2025-10-01T20:45:19","date_gmt":"2025-10-01T18:45:19","guid":{"rendered":"https:\/\/teaching-animal-welfare.org\/fr\/?page_id=2257"},"modified":"2025-10-01T20:59:01","modified_gmt":"2025-10-01T18:59:01","slug":"faq","status":"publish","type":"page","link":"https:\/\/teaching-animal-welfare.org\/fr\/faq\/","title":{"rendered":"FAQ"},"content":{"rendered":"<div id=\"pl-2257\"  class=\"panel-layout\" ><div id=\"pg-2257-0\"  class=\"panel-grid panel-no-style\" ><div id=\"pgc-2257-0-0\"  class=\"panel-grid-cell\" ><div id=\"panel-2257-0-0-0\" class=\"so-panel widget widget_siteorigin-panels-builder panel-first-child panel-last-child\" data-index=\"0\" ><div id=\"pl-w68dd76bf850da\"  class=\"panel-layout\" ><div id=\"pg-w68dd76bf850da-0\"  class=\"panel-grid panel-no-style\" ><div id=\"pgc-w68dd76bf850da-0-0\"  class=\"panel-grid-cell\" ><div id=\"panel-w68dd76bf850da-0-0-0\" class=\"so-panel widget widget_sow-image panel-first-child panel-last-child\" data-index=\"0\" ><div\n\t\t\t\n\t\t\tclass=\"so-widget-sow-image so-widget-sow-image-default-c67d20f9f743\"\n\t\t\t\n\t\t>\n<div class=\"sow-image-container\">\n\t\t<img \n\tsrc=\"https:\/\/teaching-animal-welfare.org\/fr\/wp-content\/uploads\/2025\/10\/WTS-Disclaimer-FAQ-Header.jpg\" width=\"1240\" height=\"500\" srcset=\"https:\/\/teaching-animal-welfare.org\/fr\/wp-content\/uploads\/2025\/10\/WTS-Disclaimer-FAQ-Header.jpg 1240w, https:\/\/teaching-animal-welfare.org\/fr\/wp-content\/uploads\/2025\/10\/WTS-Disclaimer-FAQ-Header-300x121.jpg 300w, https:\/\/teaching-animal-welfare.org\/fr\/wp-content\/uploads\/2025\/10\/WTS-Disclaimer-FAQ-Header-1024x413.jpg 1024w, https:\/\/teaching-animal-welfare.org\/fr\/wp-content\/uploads\/2025\/10\/WTS-Disclaimer-FAQ-Header-768x310.jpg 768w\" sizes=\"(max-width: 1240px) 100vw, 1240px\" alt=\"\" \t\tclass=\"so-widget-image\"\/>\n\t<\/div>\n\n<\/div><\/div><\/div><\/div><\/div><\/div><\/div><\/div><div id=\"pg-2257-1\"  class=\"panel-grid panel-has-style\" ><div class=\"containInner panel-row-style panel-row-style-for-2257-1\" ><div id=\"pgc-2257-1-0\"  class=\"panel-grid-cell\" ><div id=\"panel-2257-1-0-0\" class=\"so-panel widget widget_siteorigin-panels-builder panel-first-child panel-last-child\" data-index=\"1\" ><div id=\"pl-w68dd79f56a416\"  class=\"panel-layout\" ><div id=\"pg-w68dd79f56a416-0\"  class=\"panel-grid panel-no-style\" ><div id=\"pgc-w68dd79f56a416-0-0\"  class=\"panel-grid-cell\" ><div id=\"panel-w68dd79f56a416-0-0-0\" class=\"so-panel widget widget_sow-editor panel-first-child panel-last-child\" data-index=\"0\" ><div class=\"containInner panel-widget-style panel-widget-style-for-w68dd79f56a416-0-0-0\" ><div\n\t\t\t\n\t\t\tclass=\"so-widget-sow-editor so-widget-sow-editor-base\"\n\t\t\t\n\t\t><h3 class=\"widget-title\">\/\/ FAQ<\/h3>\n<div class=\"siteorigin-widget-tinymce textwidget\">\n\t<p>&nbsp;<\/p>\n<p style=\"text-align: left;\"><strong>TEACHING MODULES Q&amp;A<\/strong><\/p>\n<p>Questions-r\u00e9ponses sur les modules p\u00e9dagogiques<\/p>\n<p><strong>1. Que sont les modules p\u00e9dagogiques de VETS UNITED sur le bien-\u00eatre animal?<\/strong><br \/>\nLes modules p\u00e9dagogiques VETS UNITED sur le bien-\u00eatre animal sont des ressources compl\u00e8tes et scientifiquement fond\u00e9es, con\u00e7ues pour soutenir l'enseignement appliqu\u00e9 du bien-\u00eatre animal. La collection comprend actuellement 15 modules, chacun ax\u00e9 sur un th\u00e8me sp\u00e9cifique li\u00e9 au bien-\u00eatre animal.<\/p>\n<p>Chaque module contient:<\/p>\n<ul>\n<li>Un cours accompagn\u00e9 de notes p\u00e9dagogiques d\u00e9taill\u00e9es<\/li>\n<li>Un petit quiz<\/li>\n<li>Des lectures compl\u00e9mentaires recommand\u00e9es<\/li>\n<li>Des suggestions d'activit\u00e9s \u00e0 r\u00e9aliser en classe et d'id\u00e9es d'excursions<\/li>\n<\/ul>\n<p><strong>2. \u00c0 qui s'adressent ces modules?<br \/>\n<\/strong>Ces modules sont principalement con\u00e7us pour soutenir la formation des professionnels de la sant\u00e9 animale, tant dans le cadre universitaire que dans le cadre du d\u00e9veloppement professionnel continu. M\u00eame s\u2019ils s\u2019adressent d\u2019abord aux professionnels, toute personne int\u00e9ress\u00e9e par le bien-\u00eatre animal peut les utiliser.<\/p>\n<p><strong>3. Ces modules sont-ils gratuits?<br \/>\n<\/strong>Oui, les modules d'enseignement sur le bien-\u00eatre animal de VETS UNITED sont enti\u00e8rement gratuits. Pour y acc\u00e9der, il suffit de remplir un formulaire d\u2019inscription rapide pour cr\u00e9er un compte. Une fois inscrit, vous pouvez consulter les modules en ligne ou les t\u00e9l\u00e9charger au format PDF ou PowerPoint.<\/p>\n<p><strong>4. Comment s'inscrire?<br \/>\n<\/strong>Pour vous inscrire, rendez-vous sur: <a href=\"https:\/\/teaching-animal-welfare.org\/fr\/register\/\">https:\/\/teaching-animal-welfare.org\/fr\/register\/<\/a><\/p>\n<p>Vous devrez fournir certaines informations de base, telles que votre nom et votre pays. Vous devrez \u00e9galement choisir un nom d'utilisateur (par exemple, votre nom ou votre adresse e-mail) et cr\u00e9er un mot de passe, que vous confirmerez lors du processus d'inscription.<\/p>\n<p>Une fois inscrit, vous pouvez vous connecter \u00e0 tout moment pour acc\u00e9der aux modules via la page de connexion: <a href=\"https:\/\/teaching-animal-welfare.org\/fr\/login\/\">https:\/\/teaching-animal-welfare.org\/fr\/login\/<\/a><\/p>\n<p>Cette courte vid\u00e9o vous guide dans le processus d\u2019inscription : <a href=\"https:\/\/youtu.be\/lyKtrAsmd9k?si=4j4SNM4vUdrC9z1V\" target=\"_blank\" rel=\"noopener\">https:\/\/youtu.be\/lyKtrAsmd9k?si=4j4SNM4vUdrC9z1V<\/a><\/p>\n<p>&nbsp;<\/p>\n<p><img loading=\"lazy\" decoding=\"async\" class=\"alignnone size-full wp-image-2260\" src=\"https:\/\/teaching-animal-welfare.org\/fr\/wp-content\/uploads\/2025\/10\/WTS-Header-FAQ_franz.jpg\" alt=\"\" width=\"1240\" height=\"520\" srcset=\"https:\/\/teaching-animal-welfare.org\/fr\/wp-content\/uploads\/2025\/10\/WTS-Header-FAQ_franz.jpg 1240w, https:\/\/teaching-animal-welfare.org\/fr\/wp-content\/uploads\/2025\/10\/WTS-Header-FAQ_franz-300x126.jpg 300w, https:\/\/teaching-animal-welfare.org\/fr\/wp-content\/uploads\/2025\/10\/WTS-Header-FAQ_franz-1024x429.jpg 1024w, https:\/\/teaching-animal-welfare.org\/fr\/wp-content\/uploads\/2025\/10\/WTS-Header-FAQ_franz-768x322.jpg 768w\" sizes=\"auto, (max-width: 1240px) 100vw, 1240px\" \/><\/p>\n<p><strong>5. Les modules d'enseignement sur le bien-\u00eatre animal de VETS UNITED sont-ils un cours en ligne?<br \/>\n<\/strong>Non, ces modules ne constituent pas un cours en ligne. Ils ont \u00e9t\u00e9 d\u00e9velopp\u00e9s pour accompagner les formations en pr\u00e9sentiel dispens\u00e9es par des conf\u00e9renciers, des \u00e9ducateurs ou des formateurs en d\u00e9veloppement professionnel continu (DPC).<\/p>\n<p>La responsabilit\u00e9 de dispenser et d'animer la formation incombe au formateur ou \u00e0 l'\u00e9tablissement concern\u00e9. \u00c0 ce titre, VETS UNITED ne d\u00e9livre pas de certificats de r\u00e9ussite.<\/p>\n<p><strong>6. Les modules p\u00e9dagogiques VETS UNITED sur le bien-\u00eatre animal peuvent-ils \u00eatre adapt\u00e9s?<br \/>\n<\/strong>Oui, les modules sont con\u00e7us pour \u00eatre adaptables. Les formateurs peuvent s\u00e9lectionner les th\u00e8mes sp\u00e9cifiques qui conviennent le mieux \u00e0 leur public et \u00e0 leur contexte.<\/p>\n<p>Bien que les diapositives individuelles d'un th\u00e8me ne puissent pas \u00eatre modifi\u00e9es, vous \u00eates libre de:<\/p>\n<ul>\n<li>Supprimer les diapositives qui ne sont pas pertinentes ou adapt\u00e9es au niveau<\/li>\n<li>Ajouter de nouvelles diapositives avec des exemples adapt\u00e9s \u00e0 la r\u00e9gion ou du contenu suppl\u00e9mentaire<\/li>\n<\/ul>\n<p><strong>7. Dans quelles langues les modules sont-ils disponibles?<br \/>\n<\/strong>Les modules sont actuellement disponibles en anglais, en espagnol et en fran\u00e7ais.<\/p>\n<p>Remarque : le module sur le bien-\u00eatre des poissons n'est disponible qu'en anglais et en espagnol pour le moment.<\/p>\n<p><strong>8. Puis-je partager les modules avec d'autres personnes?<br \/>\n<\/strong>Oui, les modules sont gratuits et accessibles \u00e0 tous. Cependant, au lieu de partager directement les documents t\u00e9l\u00e9charg\u00e9s, veuillez partager le lien d'inscription :<\/p>\n<p><a href=\"https:\/\/teaching-animal-welfare.org\/fr\/register\/\">https:\/\/teaching-animal-welfare.org\/fr\/register\/<\/a><\/p>\n<p>Cela nous permet de:<\/p>\n<ul>\n<li>Tenir les utilisateurs inform\u00e9s des mises \u00e0 jour (par exemple, nouveaux modules)<\/li>\n<li>Recueillir des commentaires afin d'am\u00e9liorer les ressources<\/li>\n<\/ul>\n<p><strong>Guide \u00e9tape par \u00e9tape de VETS UNITED (en anglais)<\/strong><\/p>\n<p><strong>1. Qu'est-ce que le guide \u00e9tape par \u00e9tape?<br \/>\n<\/strong>Le guide \u00e9tape par \u00e9tape est une ressource pratique qui d\u00e9crit comment int\u00e9grer avec succ\u00e8s et de mani\u00e8re durable le bien-\u00eatre animal dans l'enseignement universitaire.<\/p>\n<p>\u00c9labor\u00e9 \u00e0 partir de la vaste exp\u00e9rience de WTS dans la mise en \u0153uvre de programmes de formation sur le bien-\u00eatre animal, le guide comprend :<\/p>\n<ul>\n<li>Les meilleures pratiques<\/li>\n<li>Des exemples concrets<\/li>\n<li>Des mod\u00e8les et des documents d'accompagnement pour faciliter la mise en \u0153uvre<\/li>\n<\/ul>\n<p><strong>2. \u00c0 qui s'adresse le guide \u00e9tape par \u00e9tape?<br \/>\n<\/strong>Ce guide est sp\u00e9cialement con\u00e7u pour les \u00e9tablissements d'enseignement sup\u00e9rieur proposant des cours dans le domaine de la sant\u00e9 animale ou dans des domaines connexes.<\/p>\n<p>Son objectif est d\u2019aider les enseignants \u00e0 offrir \u00e0 leurs \u00e9tudiants une formation claire et compl\u00e8te sur le bien-\u00eatre animal.<\/p>\n<p><strong>3. Comment puis-je acc\u00e9der au guide \u00e9tape par \u00e9tape?<br \/>\n<\/strong>Vous pouvez acc\u00e9der au guide ici : https:\/\/teaching-animal-welfare.org\/guide\/.\u00a0 Pour consulter le guide, veuillez vous inscrire \u00e0 l'adresse suivante : https:\/\/teaching-animal-welfare.org\/register\/.<\/p>\n<p>Si vous avez d\u00e9j\u00e0 cr\u00e9\u00e9 un compte pour acc\u00e9der aux modules d'enseignement, il n'est pas n\u00e9cessaire de vous inscrire \u00e0 nouveau. Il vous suffit de vous connecter en utilisant le m\u00eame nom d'utilisateur et le m\u00eame mot de passe.<\/p>\n<\/div>\n<\/div><\/div><\/div><\/div><\/div><\/div><\/div><\/div><\/div><\/div><\/div>","protected":false},"excerpt":{"rendered":"<p>\/\/ FAQ &nbsp; TEACHING MODULES Q&amp;A Questions-r\u00e9ponses sur les modules p\u00e9dagogiques 1. Que sont les modules p\u00e9dagogiques de VETS UNITED sur le bien-\u00eatre animal? Les modules p\u00e9dagogiques VETS UNITED sur le bien-\u00eatre animal sont des ressources compl\u00e8tes et scientifiquement fond\u00e9es, con\u00e7ues pour soutenir l&#8217;enseignement appliqu\u00e9 du bien-\u00eatre animal. La collection comprend actuellement 15 modules, chacun [&hellip;]<\/p>\n","protected":false},"author":1,"featured_media":0,"parent":0,"menu_order":0,"comment_status":"closed","ping_status":"closed","template":"","meta":{"footnotes":""},"class_list":["post-2257","page","type-page","status-publish","hentry","post"],"yoast_head":"<!-- This site is optimized with the Yoast SEO plugin v27.2 - https:\/\/yoast.com\/product\/yoast-seo-wordpress\/ -->\n<title>FAQ - Enseigner le Bien-\u00eatre Animal<\/title>\n<meta name=\"robots\" content=\"index, follow, max-snippet:-1, max-image-preview:large, max-video-preview:-1\" \/>\n<link rel=\"canonical\" href=\"https:\/\/teaching-animal-welfare.org\/fr\/faq\/\" \/>\n<meta property=\"og:locale\" content=\"fr_FR\" \/>\n<meta property=\"og:type\" content=\"article\" \/>\n<meta property=\"og:title\" content=\"FAQ - Enseigner le Bien-\u00eatre Animal\" \/>\n<meta property=\"og:description\" content=\"\/\/ FAQ &nbsp; TEACHING MODULES Q&amp;A Questions-r\u00e9ponses sur les modules p\u00e9dagogiques 1. Que sont les modules p\u00e9dagogiques de VETS UNITED sur le bien-\u00eatre animal? Les modules p\u00e9dagogiques VETS UNITED sur le bien-\u00eatre animal sont des ressources compl\u00e8tes et scientifiquement fond\u00e9es, con\u00e7ues pour soutenir l&#039;enseignement appliqu\u00e9 du bien-\u00eatre animal. La collection comprend actuellement 15 modules, chacun [&hellip;]\" \/>\n<meta property=\"og:url\" content=\"https:\/\/teaching-animal-welfare.org\/fr\/faq\/\" \/>\n<meta property=\"og:site_name\" content=\"Enseigner le Bien-\u00eatre Animal\" \/>\n<meta property=\"article:publisher\" content=\"https:\/\/www.facebook.com\/WTSVetsUnited\" \/>\n<meta property=\"article:modified_time\" content=\"2025-10-01T18:59:01+00:00\" \/>\n<meta property=\"og:image\" content=\"https:\/\/teaching-animal-welfare.org\/fr\/wp-content\/uploads\/2025\/10\/WTS-Header-FAQ_franz.jpg\" \/>\n<meta name=\"twitter:card\" content=\"summary_large_image\" \/>\n<meta name=\"twitter:label1\" content=\"Dur\u00e9e de lecture estim\u00e9e\" \/>\n\t<meta name=\"twitter:data1\" content=\"4 minutes\" \/>\n<script type=\"application\/ld+json\" class=\"yoast-schema-graph\">{\"@context\":\"https:\/\/schema.org\",\"@graph\":[{\"@type\":\"WebPage\",\"@id\":\"https:\/\/teaching-animal-welfare.org\/fr\/faq\/\",\"url\":\"https:\/\/teaching-animal-welfare.org\/fr\/faq\/\",\"name\":\"FAQ - Enseigner le Bien-\u00eatre Animal\",\"isPartOf\":{\"@id\":\"https:\/\/teaching-animal-welfare.org\/fr\/#website\"},\"primaryImageOfPage\":{\"@id\":\"https:\/\/teaching-animal-welfare.org\/fr\/faq\/#primaryimage\"},\"image\":{\"@id\":\"https:\/\/teaching-animal-welfare.org\/fr\/faq\/#primaryimage\"},\"thumbnailUrl\":\"https:\/\/teaching-animal-welfare.org\/fr\/wp-content\/uploads\/2025\/10\/WTS-Header-FAQ_franz.jpg\",\"datePublished\":\"2025-10-01T18:45:19+00:00\",\"dateModified\":\"2025-10-01T18:59:01+00:00\",\"breadcrumb\":{\"@id\":\"https:\/\/teaching-animal-welfare.org\/fr\/faq\/#breadcrumb\"},\"inLanguage\":\"fr-FR\",\"potentialAction\":[{\"@type\":\"ReadAction\",\"target\":[\"https:\/\/teaching-animal-welfare.org\/fr\/faq\/\"]}]},{\"@type\":\"ImageObject\",\"inLanguage\":\"fr-FR\",\"@id\":\"https:\/\/teaching-animal-welfare.org\/fr\/faq\/#primaryimage\",\"url\":\"https:\/\/teaching-animal-welfare.org\/fr\/wp-content\/uploads\/2025\/10\/WTS-Header-FAQ_franz.jpg\",\"contentUrl\":\"https:\/\/teaching-animal-welfare.org\/fr\/wp-content\/uploads\/2025\/10\/WTS-Header-FAQ_franz.jpg\",\"width\":1240,\"height\":520},{\"@type\":\"BreadcrumbList\",\"@id\":\"https:\/\/teaching-animal-welfare.org\/fr\/faq\/#breadcrumb\",\"itemListElement\":[{\"@type\":\"ListItem\",\"position\":1,\"name\":\"Startseite\",\"item\":\"https:\/\/teaching-animal-welfare.org\/fr\/\"},{\"@type\":\"ListItem\",\"position\":2,\"name\":\"FAQ\"}]},{\"@type\":\"WebSite\",\"@id\":\"https:\/\/teaching-animal-welfare.org\/fr\/#website\",\"url\":\"https:\/\/teaching-animal-welfare.org\/fr\/\",\"name\":\"Enseigner le Bien-\u00eatre Animal\",\"description\":\"\",\"publisher\":{\"@id\":\"https:\/\/teaching-animal-welfare.org\/fr\/#organization\"},\"potentialAction\":[{\"@type\":\"SearchAction\",\"target\":{\"@type\":\"EntryPoint\",\"urlTemplate\":\"https:\/\/teaching-animal-welfare.org\/fr\/?s={search_term_string}\"},\"query-input\":{\"@type\":\"PropertyValueSpecification\",\"valueRequired\":true,\"valueName\":\"search_term_string\"}}],\"inLanguage\":\"fr-FR\"},{\"@type\":\"Organization\",\"@id\":\"https:\/\/teaching-animal-welfare.org\/fr\/#organization\",\"name\":\"Enseigner le Bien-\u00eatre Animal\",\"url\":\"https:\/\/teaching-animal-welfare.org\/fr\/\",\"logo\":{\"@type\":\"ImageObject\",\"inLanguage\":\"fr-FR\",\"@id\":\"https:\/\/teaching-animal-welfare.org\/fr\/#\/schema\/logo\/image\/\",\"url\":\"https:\/\/teaching-animal-welfare.org\/fr\/wp-content\/uploads\/2023\/04\/Logo_WTS.svg\",\"contentUrl\":\"https:\/\/teaching-animal-welfare.org\/fr\/wp-content\/uploads\/2023\/04\/Logo_WTS.svg\",\"width\":200,\"height\":200,\"caption\":\"Enseigner le Bien-\u00eatre Animal\"},\"image\":{\"@id\":\"https:\/\/teaching-animal-welfare.org\/fr\/#\/schema\/logo\/image\/\"},\"sameAs\":[\"https:\/\/www.facebook.com\/WTSVetsUnited\"]}]}<\/script>\n<!-- \/ Yoast SEO plugin. -->","yoast_head_json":{"title":"FAQ - Enseigner le Bien-\u00eatre Animal","robots":{"index":"index","follow":"follow","max-snippet":"max-snippet:-1","max-image-preview":"max-image-preview:large","max-video-preview":"max-video-preview:-1"},"canonical":"https:\/\/teaching-animal-welfare.org\/fr\/faq\/","og_locale":"fr_FR","og_type":"article","og_title":"FAQ - Enseigner le Bien-\u00eatre Animal","og_description":"\/\/ FAQ &nbsp; TEACHING MODULES Q&amp;A Questions-r\u00e9ponses sur les modules p\u00e9dagogiques 1. Que sont les modules p\u00e9dagogiques de VETS UNITED sur le bien-\u00eatre animal? Les modules p\u00e9dagogiques VETS UNITED sur le bien-\u00eatre animal sont des ressources compl\u00e8tes et scientifiquement fond\u00e9es, con\u00e7ues pour soutenir l'enseignement appliqu\u00e9 du bien-\u00eatre animal. La collection comprend actuellement 15 modules, chacun [&hellip;]","og_url":"https:\/\/teaching-animal-welfare.org\/fr\/faq\/","og_site_name":"Enseigner le Bien-\u00eatre Animal","article_publisher":"https:\/\/www.facebook.com\/WTSVetsUnited","article_modified_time":"2025-10-01T18:59:01+00:00","og_image":[{"url":"https:\/\/teaching-animal-welfare.org\/fr\/wp-content\/uploads\/2025\/10\/WTS-Header-FAQ_franz.jpg","type":"","width":"","height":""}],"twitter_card":"summary_large_image","twitter_misc":{"Dur\u00e9e de lecture estim\u00e9e":"4 minutes"},"schema":{"@context":"https:\/\/schema.org","@graph":[{"@type":"WebPage","@id":"https:\/\/teaching-animal-welfare.org\/fr\/faq\/","url":"https:\/\/teaching-animal-welfare.org\/fr\/faq\/","name":"FAQ - Enseigner le Bien-\u00eatre Animal","isPartOf":{"@id":"https:\/\/teaching-animal-welfare.org\/fr\/#website"},"primaryImageOfPage":{"@id":"https:\/\/teaching-animal-welfare.org\/fr\/faq\/#primaryimage"},"image":{"@id":"https:\/\/teaching-animal-welfare.org\/fr\/faq\/#primaryimage"},"thumbnailUrl":"https:\/\/teaching-animal-welfare.org\/fr\/wp-content\/uploads\/2025\/10\/WTS-Header-FAQ_franz.jpg","datePublished":"2025-10-01T18:45:19+00:00","dateModified":"2025-10-01T18:59:01+00:00","breadcrumb":{"@id":"https:\/\/teaching-animal-welfare.org\/fr\/faq\/#breadcrumb"},"inLanguage":"fr-FR","potentialAction":[{"@type":"ReadAction","target":["https:\/\/teaching-animal-welfare.org\/fr\/faq\/"]}]},{"@type":"ImageObject","inLanguage":"fr-FR","@id":"https:\/\/teaching-animal-welfare.org\/fr\/faq\/#primaryimage","url":"https:\/\/teaching-animal-welfare.org\/fr\/wp-content\/uploads\/2025\/10\/WTS-Header-FAQ_franz.jpg","contentUrl":"https:\/\/teaching-animal-welfare.org\/fr\/wp-content\/uploads\/2025\/10\/WTS-Header-FAQ_franz.jpg","width":1240,"height":520},{"@type":"BreadcrumbList","@id":"https:\/\/teaching-animal-welfare.org\/fr\/faq\/#breadcrumb","itemListElement":[{"@type":"ListItem","position":1,"name":"Startseite","item":"https:\/\/teaching-animal-welfare.org\/fr\/"},{"@type":"ListItem","position":2,"name":"FAQ"}]},{"@type":"WebSite","@id":"https:\/\/teaching-animal-welfare.org\/fr\/#website","url":"https:\/\/teaching-animal-welfare.org\/fr\/","name":"Enseigner le Bien-\u00eatre Animal","description":"","publisher":{"@id":"https:\/\/teaching-animal-welfare.org\/fr\/#organization"},"potentialAction":[{"@type":"SearchAction","target":{"@type":"EntryPoint","urlTemplate":"https:\/\/teaching-animal-welfare.org\/fr\/?s={search_term_string}"},"query-input":{"@type":"PropertyValueSpecification","valueRequired":true,"valueName":"search_term_string"}}],"inLanguage":"fr-FR"},{"@type":"Organization","@id":"https:\/\/teaching-animal-welfare.org\/fr\/#organization","name":"Enseigner le Bien-\u00eatre Animal","url":"https:\/\/teaching-animal-welfare.org\/fr\/","logo":{"@type":"ImageObject","inLanguage":"fr-FR","@id":"https:\/\/teaching-animal-welfare.org\/fr\/#\/schema\/logo\/image\/","url":"https:\/\/teaching-animal-welfare.org\/fr\/wp-content\/uploads\/2023\/04\/Logo_WTS.svg","contentUrl":"https:\/\/teaching-animal-welfare.org\/fr\/wp-content\/uploads\/2023\/04\/Logo_WTS.svg","width":200,"height":200,"caption":"Enseigner le Bien-\u00eatre Animal"},"image":{"@id":"https:\/\/teaching-animal-welfare.org\/fr\/#\/schema\/logo\/image\/"},"sameAs":["https:\/\/www.facebook.com\/WTSVetsUnited"]}]}},"_links":{"self":[{"href":"https:\/\/teaching-animal-welfare.org\/fr\/wp-json\/wp\/v2\/pages\/2257","targetHints":{"allow":["GET"]}}],"collection":[{"href":"https:\/\/teaching-animal-welfare.org\/fr\/wp-json\/wp\/v2\/pages"}],"about":[{"href":"https:\/\/teaching-animal-welfare.org\/fr\/wp-json\/wp\/v2\/types\/page"}],"author":[{"embeddable":true,"href":"https:\/\/teaching-animal-welfare.org\/fr\/wp-json\/wp\/v2\/users\/1"}],"replies":[{"embeddable":true,"href":"https:\/\/teaching-animal-welfare.org\/fr\/wp-json\/wp\/v2\/comments?post=2257"}],"version-history":[{"count":4,"href":"https:\/\/teaching-animal-welfare.org\/fr\/wp-json\/wp\/v2\/pages\/2257\/revisions"}],"predecessor-version":[{"id":2264,"href":"https:\/\/teaching-animal-welfare.org\/fr\/wp-json\/wp\/v2\/pages\/2257\/revisions\/2264"}],"wp:attachment":[{"href":"https:\/\/teaching-animal-welfare.org\/fr\/wp-json\/wp\/v2\/media?parent=2257"}],"curies":[{"name":"wp","href":"https:\/\/api.w.org\/{rel}","templated":true}]}}